{"id":6341,"date":"2026-03-12T11:23:06","date_gmt":"2026-03-12T11:23:06","guid":{"rendered":"https:\/\/lacatusprinter.com\/?post_type=product&#038;p=6341"},"modified":"2026-03-17T08:31:36","modified_gmt":"2026-03-17T08:31:36","slug":"dtf-uv-por-centimetros","status":"publish","type":"product","link":"https:\/\/lacatusprinter.com\/?product=dtf-uv-por-centimetros","title":{"rendered":"DTF UV por centimetros"},"content":{"rendered":"","protected":false},"excerpt":{"rendered":"<p>\u00a1Ahora es m\u00e1s f\u00e1cil y econ\u00f3mico personalizar que nunca! Con <strong>DTF UV<\/strong> puedes pedir tus dise\u00f1os <strong>SIN tener que pagar 1 metro completo<\/strong>.<\/p>\n<p>Ideal para peque\u00f1as cantidades y proyectos personalizados.<\/p>\n<p>Nuestro <strong>DTF UV <\/strong>es ideal para tus proyectos, gracias a su resistencia y durabilidad te permite personalizar una amplia gama de productos.<\/p>\n<p>Solo aseg\u00farate de que tus archivos est\u00e9n preparados en formato <strong>PNG o PDF<\/strong> con una medidas de <strong>56 cm de ancho y a partir de\u00a0 25 cm de alto<\/strong>, con <strong>fondo transparente<\/strong>, con una resoluci\u00f3n de <strong>300 ppi<\/strong> y en modo<strong> CMYK<\/strong>.<\/p>\n<p>De esta manera, tus dise\u00f1os se imprimir\u00e1n con la mejor calidad y los colores ser\u00e1n s\u00faper fieles a los originales.<\/p>\n<p>Para mas informaci\u00f3n:<\/p>\n<p>https:\/\/lacatusprinter.com\/?page_id=2774<\/p>\n","protected":false},"featured_media":6423,"comment_status":"open","ping_status":"closed","template":"","meta":{"om_disable_all_campaigns":false,"_monsterinsights_skip_tracking":false,"_monsterinsights_sitenote_active":false,"_monsterinsights_sitenote_note":"","_monsterinsights_sitenote_category":0,"site-sidebar-layout":"default","site-content-layout":"","ast-site-content-layout":"default","site-content-style":"default","site-sidebar-style":"default","ast-global-header-display":"","ast-banner-title-visibility":"","ast-main-header-display":"","ast-hfb-above-header-display":"","ast-hfb-below-header-display":"","ast-hfb-mobile-header-display":"","site-post-title":"","ast-breadcrumbs-content":"","ast-featured-img":"","footer-sml-layout":"","theme-transparent-header-meta":"default","adv-header-id-meta":"","stick-header-meta":"","header-above-stick-meta":"","header-main-stick-meta":"","header-below-stick-meta":"","astra-migrate-meta-layouts":"set","ast-page-background-enabled":"default","ast-page-background-meta":{"desktop":{"background-color":"var(--ast-global-color-5)","background-image":"","background-repeat":"repeat","background-position":"center center","background-size":"auto","background-attachment":"scroll","background-type":"","background-media":"","overlay-type":"","overlay-color":"","overlay-opacity":"","overlay-gradient":""},"tablet":{"background-color":"","background-image":"","background-repeat":"repeat","background-position":"center center","background-size":"auto","background-attachment":"scroll","background-type":"","background-media":"","overlay-type":"","overlay-color":"","overlay-opacity":"","overlay-gradient":""},"mobile":{"background-color":"","background-image":"","background-repeat":"repeat","background-position":"center center","background-size":"auto","background-attachment":"scroll","background-type":"","background-media":"","overlay-type":"","overlay-color":"","overlay-opacity":"","overlay-gradient":""}},"ast-content-background-meta":{"desktop":{"background-color":"var(--ast-global-color-4)","background-image":"","background-repeat":"repeat","background-position":"center center","background-size":"auto","background-attachment":"scroll","background-type":"","background-media":"","overlay-type":"","overlay-color":"","overlay-opacity":"","overlay-gradient":""},"tablet":{"background-color":"var(--ast-global-color-4)","background-image":"","background-repeat":"repeat","background-position":"center center","background-size":"auto","background-attachment":"scroll","background-type":"","background-media":"","overlay-type":"","overlay-color":"","overlay-opacity":"","overlay-gradient":""},"mobile":{"background-color":"var(--ast-global-color-4)","background-image":"","background-repeat":"repeat","background-position":"center center","background-size":"auto","background-attachment":"scroll","background-type":"","background-media":"","overlay-type":"","overlay-color":"","overlay-opacity":"","overlay-gradient":""}}},"product_brand":[],"product_cat":[37],"product_tag":[],"class_list":{"0":"post-6341","1":"product","2":"type-product","3":"status-publish","4":"has-post-thumbnail","6":"product_cat-dtf-por-metros","7":"desktop-align-left","8":"tablet-align-left","9":"mobile-align-left","11":"first","12":"instock","13":"taxable","14":"shipping-taxable","15":"product-type-grouped"},"aioseo_notices":[],"jetpack_sharing_enabled":true,"tiered_pricing_type":"fixed","tiered_pricing_fixed_rules":{"2":20.75,"6":18.75,"11":16.75,"30":15.75},"tiered_pricing_product_settings":{"layout":"default","base_unit_name":{"singular":null,"plural":null},"default_variation":null},"tiered_pricing_minimum_quantity":null,"tiered_pricing_roles_data":[],"tiered_pricing_percentage_rules":[],"_links":{"self":[{"href":"https:\/\/lacatusprinter.com\/index.php?rest_route=\/wp\/v2\/product\/6341","targetHints":{"allow":["GET"]}}],"collection":[{"href":"https:\/\/lacatusprinter.com\/index.php?rest_route=\/wp\/v2\/product"}],"about":[{"href":"https:\/\/lacatusprinter.com\/index.php?rest_route=\/wp\/v2\/types\/product"}],"replies":[{"embeddable":true,"href":"https:\/\/lacatusprinter.com\/index.php?rest_route=%2Fwp%2Fv2%2Fcomments&post=6341"}],"wp:featuredmedia":[{"embeddable":true,"href":"https:\/\/lacatusprinter.com\/index.php?rest_route=\/wp\/v2\/media\/6423"}],"wp:attachment":[{"href":"https:\/\/lacatusprinter.com\/index.php?rest_route=%2Fwp%2Fv2%2Fmedia&parent=6341"}],"wp:term":[{"taxonomy":"product_brand","embeddable":true,"href":"https:\/\/lacatusprinter.com\/index.php?rest_route=%2Fwp%2Fv2%2Fproduct_brand&post=6341"},{"taxonomy":"product_cat","embeddable":true,"href":"https:\/\/lacatusprinter.com\/index.php?rest_route=%2Fwp%2Fv2%2Fproduct_cat&post=6341"},{"taxonomy":"product_tag","embeddable":true,"href":"https:\/\/lacatusprinter.com\/index.php?rest_route=%2Fwp%2Fv2%2Fproduct_tag&post=6341"}],"curies":[{"name":"wp","href":"https:\/\/api.w.org\/{rel}","templated":true}]}}