{"id":4925,"date":"2025-04-11T11:42:17","date_gmt":"2025-04-11T11:42:17","guid":{"rendered":"https:\/\/lacatusprinter.com\/?post_type=product&#038;p=4925"},"modified":"2025-04-11T13:19:11","modified_gmt":"2025-04-11T13:19:11","slug":"diseno-grafico-especial","status":"publish","type":"product","link":"https:\/\/lacatusprinter.com\/?product=diseno-grafico-especial","title":{"rendered":"Dise\u00f1o Gr\u00e1fico"},"content":{"rendered":"","protected":false},"excerpt":{"rendered":"<p><!--StartFragment --><\/p>\n<p>\u00bfTienes una idea en mente pero necesitas alguien que la lleve al papel (o pantalla)? \u00a1Est\u00e1s en el lugar adecuado! Ofrecemos un servicio de dise\u00f1o personalizado, donde transformamos tus conceptos en un dibujo \u00fanico y completamente adaptado a tus necesidades.<\/p>\n<p><strong>\u00bfQu\u00e9 incluye?<\/strong><\/p>\n<ul>\n<li>Creaci\u00f3n desde cero: Partimos de tus ideas, referencias o simplemente una descripci\u00f3n.<\/li>\n<li>Dise\u00f1o 100% original y exclusivo para ti.<\/li>\n<li>Ajustes ilimitados hasta que el dibujo sea perfecto para ti.<\/li>\n<li>Adaptaci\u00f3n del dise\u00f1o a diferentes formatos (digital o f\u00edsico).<\/li>\n<\/ul>\n<p>Ya sea un logo, ilustraci\u00f3n para un proyecto personal, arte decorativo o cualquier otra necesidad creativa, nuestro equipo est\u00e1 listo para darle vida a tus ideas.<\/p>\n<p><!--EndFragment --><\/p>\n","protected":false},"featured_media":4766,"comment_status":"open","ping_status":"closed","template":"","meta":{"om_disable_all_campaigns":false,"_monsterinsights_skip_tracking":false,"_monsterinsights_sitenote_active":false,"_monsterinsights_sitenote_note":"","_monsterinsights_sitenote_category":0,"site-sidebar-layout":"default","site-content-layout":"","ast-site-content-layout":"default","site-content-style":"default","site-sidebar-style":"default","ast-global-header-display":"","ast-banner-title-visibility":"","ast-main-header-display":"","ast-hfb-above-header-display":"","ast-hfb-below-header-display":"","ast-hfb-mobile-header-display":"","site-post-title":"","ast-breadcrumbs-content":"","ast-featured-img":"","footer-sml-layout":"","theme-transparent-header-meta":"default","adv-header-id-meta":"","stick-header-meta":"","header-above-stick-meta":"","header-main-stick-meta":"","header-below-stick-meta":"","astra-migrate-meta-layouts":"set","ast-page-background-enabled":"default","ast-page-background-meta":{"desktop":{"background-color":"var(--ast-global-color-5)","background-image":"","background-repeat":"repeat","background-position":"center center","background-size":"auto","background-attachment":"scroll","background-type":"","background-media":"","overlay-type":"","overlay-color":"","overlay-opacity":"","overlay-gradient":""},"tablet":{"background-color":"","background-image":"","background-repeat":"repeat","background-position":"center center","background-size":"auto","background-attachment":"scroll","background-type":"","background-media":"","overlay-type":"","overlay-color":"","overlay-opacity":"","overlay-gradient":""},"mobile":{"background-color":"","background-image":"","background-repeat":"repeat","background-position":"center center","background-size":"auto","background-attachment":"scroll","background-type":"","background-media":"","overlay-type":"","overlay-color":"","overlay-opacity":"","overlay-gradient":""}},"ast-content-background-meta":{"desktop":{"background-color":"var(--ast-global-color-4)","background-image":"","background-repeat":"repeat","background-position":"center center","background-size":"auto","background-attachment":"scroll","background-type":"","background-media":"","overlay-type":"","overlay-color":"","overlay-opacity":"","overlay-gradient":""},"tablet":{"background-color":"var(--ast-global-color-4)","background-image":"","background-repeat":"repeat","background-position":"center center","background-size":"auto","background-attachment":"scroll","background-type":"","background-media":"","overlay-type":"","overlay-color":"","overlay-opacity":"","overlay-gradient":""},"mobile":{"background-color":"var(--ast-global-color-4)","background-image":"","background-repeat":"repeat","background-position":"center center","background-size":"auto","background-attachment":"scroll","background-type":"","background-media":"","overlay-type":"","overlay-color":"","overlay-opacity":"","overlay-gradient":""}}},"product_brand":[],"product_cat":[29],"product_tag":[],"class_list":{"0":"post-4925","1":"product","2":"type-product","3":"status-publish","4":"has-post-thumbnail","6":"product_cat-bonos","7":"desktop-align-left","8":"tablet-align-left","9":"mobile-align-left","11":"first","12":"instock","13":"sale","14":"taxable","15":"shipping-taxable","16":"purchasable","17":"product-type-simple"},"aioseo_notices":[],"jetpack_sharing_enabled":true,"tiered_pricing_type":"fixed","tiered_pricing_fixed_rules":[],"tiered_pricing_product_settings":{"layout":"default","base_unit_name":{"singular":null,"plural":null},"default_variation":null},"tiered_pricing_minimum_quantity":null,"tiered_pricing_roles_data":[],"tiered_pricing_percentage_rules":[],"_links":{"self":[{"href":"https:\/\/lacatusprinter.com\/index.php?rest_route=\/wp\/v2\/product\/4925","targetHints":{"allow":["GET"]}}],"collection":[{"href":"https:\/\/lacatusprinter.com\/index.php?rest_route=\/wp\/v2\/product"}],"about":[{"href":"https:\/\/lacatusprinter.com\/index.php?rest_route=\/wp\/v2\/types\/product"}],"replies":[{"embeddable":true,"href":"https:\/\/lacatusprinter.com\/index.php?rest_route=%2Fwp%2Fv2%2Fcomments&post=4925"}],"wp:featuredmedia":[{"embeddable":true,"href":"https:\/\/lacatusprinter.com\/index.php?rest_route=\/wp\/v2\/media\/4766"}],"wp:attachment":[{"href":"https:\/\/lacatusprinter.com\/index.php?rest_route=%2Fwp%2Fv2%2Fmedia&parent=4925"}],"wp:term":[{"taxonomy":"product_brand","embeddable":true,"href":"https:\/\/lacatusprinter.com\/index.php?rest_route=%2Fwp%2Fv2%2Fproduct_brand&post=4925"},{"taxonomy":"product_cat","embeddable":true,"href":"https:\/\/lacatusprinter.com\/index.php?rest_route=%2Fwp%2Fv2%2Fproduct_cat&post=4925"},{"taxonomy":"product_tag","embeddable":true,"href":"https:\/\/lacatusprinter.com\/index.php?rest_route=%2Fwp%2Fv2%2Fproduct_tag&post=4925"}],"curies":[{"name":"wp","href":"https:\/\/api.w.org\/{rel}","templated":true}]}}