{"id":3837,"date":"2024-12-26T15:23:10","date_gmt":"2024-12-26T15:23:10","guid":{"rendered":"https:\/\/lacatusprinter.com\/?post_type=product&#038;p=3837"},"modified":"2026-03-06T09:01:35","modified_gmt":"2026-03-06T09:01:35","slug":"dtf-por-metros","status":"publish","type":"product","link":"https:\/\/lacatusprinter.com\/?product=dtf-por-metros","title":{"rendered":"DTF Textil por Metros"},"content":{"rendered":"","protected":false},"excerpt":{"rendered":"<p>Si buscas imprimir muchos dise\u00f1os en DTF Textil, nuestro DTF por Metros es ideal para ti.<\/p>\n<p>Solo aseg\u00farate de que tus archivos est\u00e9n preparados en formato <strong>PNG o PDF<\/strong> con una medidas de <strong>57cm de ancho x 100cm de alto<\/strong>, con <strong>fondo transparente<\/strong>, con una resoluci\u00f3n de <strong>300 ppi<\/strong> y en modo <strong>CMYK<\/strong>.<\/p>\n<p>De esta manera, tus dise\u00f1os se imprimir\u00e1n con la mejor calidad y los colores ser\u00e1n s\u00faper fieles a los originales.<\/p>\n<p>Para mas informaci\u00f3n:<\/p>\n<p>https:\/\/lacatusprinter.com\/?page_id=2752<\/p>\n","protected":false},"featured_media":3873,"comment_status":"open","ping_status":"closed","template":"","meta":{"om_disable_all_campaigns":false,"_monsterinsights_skip_tracking":false,"_monsterinsights_sitenote_active":false,"_monsterinsights_sitenote_note":"","_monsterinsights_sitenote_category":0,"site-sidebar-layout":"default","site-content-layout":"","ast-site-content-layout":"default","site-content-style":"default","site-sidebar-style":"default","ast-global-header-display":"","ast-banner-title-visibility":"","ast-main-header-display":"","ast-hfb-above-header-display":"","ast-hfb-below-header-display":"","ast-hfb-mobile-header-display":"","site-post-title":"","ast-breadcrumbs-content":"","ast-featured-img":"","footer-sml-layout":"","theme-transparent-header-meta":"default","adv-header-id-meta":"","stick-header-meta":"","header-above-stick-meta":"","header-main-stick-meta":"","header-below-stick-meta":"","astra-migrate-meta-layouts":"set","ast-page-background-enabled":"default","ast-page-background-meta":{"desktop":{"background-color":"var(--ast-global-color-5)","background-image":"","background-repeat":"repeat","background-position":"center center","background-size":"auto","background-attachment":"scroll","background-type":"","background-media":"","overlay-type":"","overlay-color":"","overlay-opacity":"","overlay-gradient":""},"tablet":{"background-color":"","background-image":"","background-repeat":"repeat","background-position":"center center","background-size":"auto","background-attachment":"scroll","background-type":"","background-media":"","overlay-type":"","overlay-color":"","overlay-opacity":"","overlay-gradient":""},"mobile":{"background-color":"","background-image":"","background-repeat":"repeat","background-position":"center center","background-size":"auto","background-attachment":"scroll","background-type":"","background-media":"","overlay-type":"","overlay-color":"","overlay-opacity":"","overlay-gradient":""}},"ast-content-background-meta":{"desktop":{"background-color":"var(--ast-global-color-4)","background-image":"","background-repeat":"repeat","background-position":"center center","background-size":"auto","background-attachment":"scroll","background-type":"","background-media":"","overlay-type":"","overlay-color":"","overlay-opacity":"","overlay-gradient":""},"tablet":{"background-color":"var(--ast-global-color-4)","background-image":"","background-repeat":"repeat","background-position":"center center","background-size":"auto","background-attachment":"scroll","background-type":"","background-media":"","overlay-type":"","overlay-color":"","overlay-opacity":"","overlay-gradient":""},"mobile":{"background-color":"var(--ast-global-color-4)","background-image":"","background-repeat":"repeat","background-position":"center center","background-size":"auto","background-attachment":"scroll","background-type":"","background-media":"","overlay-type":"","overlay-color":"","overlay-opacity":"","overlay-gradient":""}}},"product_brand":[],"product_cat":[37],"product_tag":[],"class_list":{"0":"post-3837","1":"product","2":"type-product","3":"status-publish","4":"has-post-thumbnail","6":"product_cat-dtf-por-metros","7":"product_shipping_class-envio-express-24-horas","8":"desktop-align-left","9":"tablet-align-left","10":"mobile-align-left","12":"first","13":"instock","14":"sale","15":"taxable","16":"shipping-taxable","17":"purchasable","18":"product-type-simple"},"aioseo_notices":[],"jetpack_sharing_enabled":true,"tiered_pricing_type":"fixed","tiered_pricing_fixed_rules":{"6":9.5,"10":9,"25":8.5,"50":8,"100":7.5},"tiered_pricing_product_settings":{"layout":"table","base_unit_name":{"singular":null,"plural":null},"default_variation":null},"tiered_pricing_minimum_quantity":null,"tiered_pricing_roles_data":[],"tiered_pricing_percentage_rules":[],"_links":{"self":[{"href":"https:\/\/lacatusprinter.com\/index.php?rest_route=\/wp\/v2\/product\/3837","targetHints":{"allow":["GET"]}}],"collection":[{"href":"https:\/\/lacatusprinter.com\/index.php?rest_route=\/wp\/v2\/product"}],"about":[{"href":"https:\/\/lacatusprinter.com\/index.php?rest_route=\/wp\/v2\/types\/product"}],"replies":[{"embeddable":true,"href":"https:\/\/lacatusprinter.com\/index.php?rest_route=%2Fwp%2Fv2%2Fcomments&post=3837"}],"wp:featuredmedia":[{"embeddable":true,"href":"https:\/\/lacatusprinter.com\/index.php?rest_route=\/wp\/v2\/media\/3873"}],"wp:attachment":[{"href":"https:\/\/lacatusprinter.com\/index.php?rest_route=%2Fwp%2Fv2%2Fmedia&parent=3837"}],"wp:term":[{"taxonomy":"product_brand","embeddable":true,"href":"https:\/\/lacatusprinter.com\/index.php?rest_route=%2Fwp%2Fv2%2Fproduct_brand&post=3837"},{"taxonomy":"product_cat","embeddable":true,"href":"https:\/\/lacatusprinter.com\/index.php?rest_route=%2Fwp%2Fv2%2Fproduct_cat&post=3837"},{"taxonomy":"product_tag","embeddable":true,"href":"https:\/\/lacatusprinter.com\/index.php?rest_route=%2Fwp%2Fv2%2Fproduct_tag&post=3837"}],"curies":[{"name":"wp","href":"https:\/\/api.w.org\/{rel}","templated":true}]}}