{"id":6286,"date":"2026-03-11T08:26:24","date_gmt":"2026-03-11T08:26:24","guid":{"rendered":"https:\/\/lacatusprinter.com\/?page_id=6286"},"modified":"2026-04-08T09:11:07","modified_gmt":"2026-04-08T09:11:07","slug":"preguntas-frecuentes-2","status":"publish","type":"page","link":"https:\/\/lacatusprinter.com\/?page_id=6286","title":{"rendered":"Preguntas Frecuentes"},"content":{"rendered":"\t\t<div data-elementor-type=\"wp-page\" data-elementor-id=\"6286\" class=\"elementor elementor-6286\" data-elementor-post-type=\"page\">\n\t\t\t\t\t\t<section class=\"elementor-section elementor-top-section elementor-element elementor-element-2f938df elementor-section-boxed elementor-section-height-default elementor-section-height-default\" data-id=\"2f938df\" data-element_type=\"section\" data-e-type=\"section\">\n\t\t\t\t\t\t<div class=\"elementor-container elementor-column-gap-default\">\n\t\t\t\t\t<div class=\"elementor-column elementor-col-100 elementor-top-column elementor-element elementor-element-8b8da59\" data-id=\"8b8da59\" data-element_type=\"column\" data-e-type=\"column\">\n\t\t\t<div class=\"elementor-widget-wrap elementor-element-populated\">\n\t\t\t\t\t\t<div class=\"elementor-element elementor-element-c58cb6c elementor-widget elementor-widget-heading\" data-id=\"c58cb6c\" data-element_type=\"widget\" data-e-type=\"widget\" data-widget_type=\"heading.default\">\n\t\t\t\t<div class=\"elementor-widget-container\">\n\t\t\t\t\t<h2 class=\"elementor-heading-title elementor-size-default\">PREGUNTAS FRECUENTES<\/h2>\t\t\t\t<\/div>\n\t\t\t\t<\/div>\n\t\t\t\t\t<\/div>\n\t\t<\/div>\n\t\t\t\t\t<\/div>\n\t\t<\/section>\n\t\t\t\t<section class=\"elementor-section elementor-top-section elementor-element elementor-element-65a9a37 elementor-section-boxed elementor-section-height-default elementor-section-height-default\" data-id=\"65a9a37\" data-element_type=\"section\" data-e-type=\"section\">\n\t\t\t\t\t\t<div class=\"elementor-container elementor-column-gap-default\">\n\t\t\t\t\t<div class=\"elementor-column elementor-col-100 elementor-top-column elementor-element elementor-element-d162988\" data-id=\"d162988\" data-element_type=\"column\" data-e-type=\"column\">\n\t\t\t<div class=\"elementor-widget-wrap elementor-element-populated\">\n\t\t\t\t\t\t<div class=\"elementor-element elementor-element-b709426 elementor-widget elementor-widget-accordion\" data-id=\"b709426\" data-element_type=\"widget\" data-e-type=\"widget\" data-widget_type=\"accordion.default\">\n\t\t\t\t<div class=\"elementor-widget-container\">\n\t\t\t\t\t\t\t<div class=\"elementor-accordion\">\n\t\t\t\t\t\t\t<div class=\"elementor-accordion-item\">\n\t\t\t\t\t<div id=\"elementor-tab-title-1911\" class=\"elementor-tab-title\" data-tab=\"1\" role=\"button\" aria-controls=\"elementor-tab-content-1911\" aria-expanded=\"false\">\n\t\t\t\t\t\t\t\t\t\t\t\t\t<span class=\"elementor-accordion-icon elementor-accordion-icon-left\" aria-hidden=\"true\">\n\t\t\t\t\t\t\t\t\t\t\t\t\t\t\t<span class=\"elementor-accordion-icon-closed\"><i class=\"fas fa-plus\"><\/i><\/span>\n\t\t\t\t\t\t\t\t<span class=\"elementor-accordion-icon-opened\"><i class=\"fas fa-minus\"><\/i><\/span>\n\t\t\t\t\t\t\t\t\t\t\t\t\t\t<\/span>\n\t\t\t\t\t\t\t\t\t\t\t\t<a class=\"elementor-accordion-title\" tabindex=\"0\">Como enviar tus archivos<\/a>\n\t\t\t\t\t<\/div>\n\t\t\t\t\t<div id=\"elementor-tab-content-1911\" class=\"elementor-tab-content elementor-clearfix\" data-tab=\"1\" role=\"region\" aria-labelledby=\"elementor-tab-title-1911\"><ul><li>El documento tiene que tener un <strong>ancho m\u00e1ximo de<\/strong> <strong>57 cm para DTF y DTI y 56 cm de DTF UV<\/strong><\/li><li>En cuanto al largo del documento tienes que tener unos conceptos claros:<ul><li><strong>DTI y DTF<\/strong> el <strong>m\u00ednimo es 1 metro<\/strong> y un <strong>m\u00e1ximo de 2 metros<\/strong>. Si necesitas m\u00e1s, puedes enviar tantos archivos hasta completar tu pedido. Los pedidos con decimales, por ejemplo 1,6 m. se redondean al alza. Contabilizaremos en ese caso, 2 metros.<\/li><li><strong>DTF<\/strong> <strong>UV<\/strong> el <strong>m\u00ednimo es 0,25 metros<\/strong>\u00a0y un <strong>m\u00e1ximo de 2 metros<\/strong>. Si necesitas m\u00e1s, puedes enviar tantos archivos como sea necesario. Si el pedido es inferior a un metro, los tramos ir\u00e1n de 0,25 m en 0,25 m. A partir del metro, se contabilizar\u00e1n en metros completos, ejemplos:\u00a0<ul><li>Mandas 0,6 m. se redondean al alza. Contabilizaremos en ese caso, 0,75 metros.<\/li><li>Mandas 1,6 m. se redondean al alza. Contabilizaremos en ese caso, 2 metros.\u00a0<\/li><\/ul><\/li><\/ul><\/li><li>Los formatos aceptados son <strong>PNG y PDF con fondo transparente\u00a0<\/strong><\/li><li><strong>NO<\/strong> se debe aplicar <strong>MODO ESPEJO<\/strong><\/li><li>La resoluci\u00f3n <strong>m\u00ednima<\/strong> de tus dise\u00f1os tiene que ser <strong>300 PPP<\/strong><\/li><\/ul><\/div>\n\t\t\t\t<\/div>\n\t\t\t\t\t\t\t<div class=\"elementor-accordion-item\">\n\t\t\t\t\t<div id=\"elementor-tab-title-1912\" class=\"elementor-tab-title\" data-tab=\"2\" role=\"button\" aria-controls=\"elementor-tab-content-1912\" aria-expanded=\"false\">\n\t\t\t\t\t\t\t\t\t\t\t\t\t<span class=\"elementor-accordion-icon elementor-accordion-icon-left\" aria-hidden=\"true\">\n\t\t\t\t\t\t\t\t\t\t\t\t\t\t\t<span class=\"elementor-accordion-icon-closed\"><i class=\"fas fa-plus\"><\/i><\/span>\n\t\t\t\t\t\t\t\t<span class=\"elementor-accordion-icon-opened\"><i class=\"fas fa-minus\"><\/i><\/span>\n\t\t\t\t\t\t\t\t\t\t\t\t\t\t<\/span>\n\t\t\t\t\t\t\t\t\t\t\t\t<a class=\"elementor-accordion-title\" tabindex=\"0\">C\u00f3mo preparar tu metro de DTF con Canva Gratis<\/a>\n\t\t\t\t\t<\/div>\n\t\t\t\t\t<div id=\"elementor-tab-content-1912\" class=\"elementor-tab-content elementor-clearfix\" data-tab=\"2\" role=\"region\" aria-labelledby=\"elementor-tab-title-1912\"><p>En siguiente enlace te explicamos todos los pasos a seguir para que montes tu metro de DTF con Canva gratuito.<\/p><p><a title=\"Pulse aqu\u00ed\" href=\"https:\/\/www.youtube.com\/watch?v=6CCE5y2riE0\" target=\"_blank\" rel=\"noopener\">Pulse aqu\u00ed<\/a><\/p><\/div>\n\t\t\t\t<\/div>\n\t\t\t\t\t\t\t<div class=\"elementor-accordion-item\">\n\t\t\t\t\t<div id=\"elementor-tab-title-1913\" class=\"elementor-tab-title\" data-tab=\"3\" role=\"button\" aria-controls=\"elementor-tab-content-1913\" aria-expanded=\"false\">\n\t\t\t\t\t\t\t\t\t\t\t\t\t<span class=\"elementor-accordion-icon elementor-accordion-icon-left\" aria-hidden=\"true\">\n\t\t\t\t\t\t\t\t\t\t\t\t\t\t\t<span class=\"elementor-accordion-icon-closed\"><i class=\"fas fa-plus\"><\/i><\/span>\n\t\t\t\t\t\t\t\t<span class=\"elementor-accordion-icon-opened\"><i class=\"fas fa-minus\"><\/i><\/span>\n\t\t\t\t\t\t\t\t\t\t\t\t\t\t<\/span>\n\t\t\t\t\t\t\t\t\t\t\t\t<a class=\"elementor-accordion-title\" tabindex=\"0\">\u00bfCu\u00e1nto tiempo tengo para consumir mi compra?<\/a>\n\t\t\t\t\t<\/div>\n\t\t\t\t\t<div id=\"elementor-tab-content-1913\" class=\"elementor-tab-content elementor-clearfix\" data-tab=\"3\" role=\"region\" aria-labelledby=\"elementor-tab-title-1913\"><p>Puedes hacer la compra hoy y consumirla a lo largo de\u00a0<strong>30 d\u00edas naturales.<br \/><\/strong>Si pasa este tiempo y no has enviado tus materiales para impresi\u00f3n, lamento decirte que tu pedido quedar\u00e1 nulo y no podremos hacernos cargo de una devoluci\u00f3n.<br \/>Por eso te recomendamos que hagas la compra en el momento que vayas a consumirlo.<\/p><\/div>\n\t\t\t\t<\/div>\n\t\t\t\t\t\t\t<div class=\"elementor-accordion-item\">\n\t\t\t\t\t<div id=\"elementor-tab-title-1914\" class=\"elementor-tab-title\" data-tab=\"4\" role=\"button\" aria-controls=\"elementor-tab-content-1914\" aria-expanded=\"false\">\n\t\t\t\t\t\t\t\t\t\t\t\t\t<span class=\"elementor-accordion-icon elementor-accordion-icon-left\" aria-hidden=\"true\">\n\t\t\t\t\t\t\t\t\t\t\t\t\t\t\t<span class=\"elementor-accordion-icon-closed\"><i class=\"fas fa-plus\"><\/i><\/span>\n\t\t\t\t\t\t\t\t<span class=\"elementor-accordion-icon-opened\"><i class=\"fas fa-minus\"><\/i><\/span>\n\t\t\t\t\t\t\t\t\t\t\t\t\t\t<\/span>\n\t\t\t\t\t\t\t\t\t\t\t\t<a class=\"elementor-accordion-title\" tabindex=\"0\">\u00bfPuedo consumir los metros escalonadamente?<\/a>\n\t\t\t\t\t<\/div>\n\t\t\t\t\t<div id=\"elementor-tab-content-1914\" class=\"elementor-tab-content elementor-clearfix\" data-tab=\"4\" role=\"region\" aria-labelledby=\"elementor-tab-title-1914\"><p>La compra de <strong>DTF POR METROS<\/strong> <strong>NO<\/strong> permite el consumo escalonado. Para eso tienes nuestros BONOS, que puedes ir consumi\u00e9ndolos a medida que lo vayas necesitando.<br \/>La compra de DTF\/DTI\/SUBLIMACI\u00d3N POR METROS se imprimir\u00e1 en un \u00fanico pedido.<\/p><p>En el caso de DTF TEXTIL y PAPEL DE SUBLIMACI\u00d3N, los pedidos con decimales, por ejemplo 1,6 m. se redondean al alza. Contabilizaremos en ese caso, 2 m.<br \/>Con DTF UV, puedes comprar de 25 en 25 cm y a partir de 1 m de metro en metro.<br \/>En cualquier caso, la impresi\u00f3n de los metros comprados se hace en una sola vez, en una sola tirada.<\/p><\/div>\n\t\t\t\t<\/div>\n\t\t\t\t\t\t\t<div class=\"elementor-accordion-item\">\n\t\t\t\t\t<div id=\"elementor-tab-title-1915\" class=\"elementor-tab-title\" data-tab=\"5\" role=\"button\" aria-controls=\"elementor-tab-content-1915\" aria-expanded=\"false\">\n\t\t\t\t\t\t\t\t\t\t\t\t\t<span class=\"elementor-accordion-icon elementor-accordion-icon-left\" aria-hidden=\"true\">\n\t\t\t\t\t\t\t\t\t\t\t\t\t\t\t<span class=\"elementor-accordion-icon-closed\"><i class=\"fas fa-plus\"><\/i><\/span>\n\t\t\t\t\t\t\t\t<span class=\"elementor-accordion-icon-opened\"><i class=\"fas fa-minus\"><\/i><\/span>\n\t\t\t\t\t\t\t\t\t\t\t\t\t\t<\/span>\n\t\t\t\t\t\t\t\t\t\t\t\t<a class=\"elementor-accordion-title\" tabindex=\"0\">Como planchar DTF y DTI<\/a>\n\t\t\t\t\t<\/div>\n\t\t\t\t\t<div id=\"elementor-tab-content-1915\" class=\"elementor-tab-content elementor-clearfix\" data-tab=\"5\" role=\"region\" aria-labelledby=\"elementor-tab-title-1915\"><p>Para el planchado de DTF textil y DTI sigue estos pasos:<br \/>1. Preparar la prenda: Aseg\u00farate de que est\u00e9 <strong>limpia y seca, libre de arrugas, pelos, pelusas&#8230; y humedad.<\/strong> Recomendamos dar un primer planchado para quitar humedad.<br \/>2. Colocar el dise\u00f1o DTF: Coloca la pel\u00edcula DTF con el dise\u00f1o hacia abajo sobre la prenda. <br \/>3. Ajustar la prensa: Configura la prensa t\u00e9rmica seg\u00fan los par\u00e1metros recomendados para el material de la prenda. <strong>145 grados 10 segundos,<\/strong> con retirada del film en caliente, presion media &#8211; alta.<br \/>4. <strong>Segundo planchado<\/strong> (recomendado): Coloca un papel de protecci\u00f3n encima (papel horno) y plancha otros<strong> 5 segundos<\/strong> a la misma temperatura. Para garantizar un planchado preciso, controlado y bien ejecutado. Un mal planchado puede arruinar incluso el mejor dise\u00f1o.<\/p><\/div>\n\t\t\t\t<\/div>\n\t\t\t\t\t\t\t<div class=\"elementor-accordion-item\">\n\t\t\t\t\t<div id=\"elementor-tab-title-1916\" class=\"elementor-tab-title\" data-tab=\"6\" role=\"button\" aria-controls=\"elementor-tab-content-1916\" aria-expanded=\"false\">\n\t\t\t\t\t\t\t\t\t\t\t\t\t<span class=\"elementor-accordion-icon elementor-accordion-icon-left\" aria-hidden=\"true\">\n\t\t\t\t\t\t\t\t\t\t\t\t\t\t\t<span class=\"elementor-accordion-icon-closed\"><i class=\"fas fa-plus\"><\/i><\/span>\n\t\t\t\t\t\t\t\t<span class=\"elementor-accordion-icon-opened\"><i class=\"fas fa-minus\"><\/i><\/span>\n\t\t\t\t\t\t\t\t\t\t\t\t\t\t<\/span>\n\t\t\t\t\t\t\t\t\t\t\t\t<a class=\"elementor-accordion-title\" tabindex=\"0\">\u00bfQu\u00e9 es la tecnolog\u00eda DTI (Digital Transfer Innuro)?<\/a>\n\t\t\t\t\t<\/div>\n\t\t\t\t\t<div id=\"elementor-tab-content-1916\" class=\"elementor-tab-content elementor-clearfix\" data-tab=\"6\" role=\"region\" aria-labelledby=\"elementor-tab-title-1916\"><p>DTI es la tecnolog\u00eda exclusiva desarrollada por el fabricante Innuro que mejora el DTF convencional. Utiliza cabezales Epson PrecisionCore i3200 con resoluci\u00f3n de 1440 dpi, logrando mayor densidad de color, tacto m\u00e1s suave y mayor durabilidad que el DTF est\u00e1ndar.<\/p><\/div>\n\t\t\t\t<\/div>\n\t\t\t\t\t\t\t<div class=\"elementor-accordion-item\">\n\t\t\t\t\t<div id=\"elementor-tab-title-1917\" class=\"elementor-tab-title\" data-tab=\"7\" role=\"button\" aria-controls=\"elementor-tab-content-1917\" aria-expanded=\"false\">\n\t\t\t\t\t\t\t\t\t\t\t\t\t<span class=\"elementor-accordion-icon elementor-accordion-icon-left\" aria-hidden=\"true\">\n\t\t\t\t\t\t\t\t\t\t\t\t\t\t\t<span class=\"elementor-accordion-icon-closed\"><i class=\"fas fa-plus\"><\/i><\/span>\n\t\t\t\t\t\t\t\t<span class=\"elementor-accordion-icon-opened\"><i class=\"fas fa-minus\"><\/i><\/span>\n\t\t\t\t\t\t\t\t\t\t\t\t\t\t<\/span>\n\t\t\t\t\t\t\t\t\t\t\t\t<a class=\"elementor-accordion-title\" tabindex=\"0\">\u00bfQu\u00e9 tipos de estampaci\u00f3n por metros ofrecemos<\/a>\n\t\t\t\t\t<\/div>\n\t\t\t\t\t<div id=\"elementor-tab-content-1917\" class=\"elementor-tab-content elementor-clearfix\" data-tab=\"7\" role=\"region\" aria-labelledby=\"elementor-tab-title-1917\"><p>Ofrecemos hasta seis tipos: <br \/>&#8211; <strong>DTI CMYK Textil:<\/strong> Es una tecnolog\u00eda superior al DTF. A diferencia del DTF convencional, que a menudo presenta restricciones en la gama de colores y una sensaci\u00f3n r\u00edgida al tacto, el DTI combina innovaciones en tintas, procesos qu\u00edmicos y aplicaci\u00f3n t\u00e9rmica que permiten resultados mucho m\u00e1s avanzados tanto en calidad visual como en experiencia de uso. Permite su aplicaci\u00f3n en una amplia gama de textiles, desde algod\u00f3n natural hasta fibras sint\u00e9ticas como poli\u00e9ster, poliamida y licra.<br \/>&#8211; <strong>DTI CMYK+RGBO Textil:<\/strong> En nuestra impresi\u00f3n DTI trabajamos con tecnolog\u00eda avanzada de *8 canales de color (CMYK + RGBO)*, lo que nos permite conseguir resultados mucho m\u00e1s vivos, intensos y luminosos que las impresiones convencionales.<br \/>Gracias a la ampliaci\u00f3n de la gama crom\u00e1tica con *Rojo, Verde, Azul y Naranja*, logramos colores m\u00e1s vibrantes y fieles al dise\u00f1o original, mayor profundidad y definici\u00f3n en degradados y mejor reproducci\u00f3n de detalles y sombras. Permite su aplicaci\u00f3n en una amplia gama de textiles, desde algod\u00f3n natural hasta fibras sint\u00e9ticas como poli\u00e9ster, poliamida y licra.<\/p><p>&#8211; <strong>DTF Textil:<\/strong> Gracias a nuestras m\u00e1quinas de impresi\u00f3n DTF de \u00faltima generaci\u00f3n nos permite crear dise\u00f1os personalizados de alta calidad. Permite su aplicaci\u00f3n en una amplia gama de textiles, desde algod\u00f3n natural hasta fibras sint\u00e9ticas como poli\u00e9ster, poliamida y licra.<br \/>&#8211; <strong>DTF Fl\u00faor:<\/strong> Nuestras m\u00e1quinas de impresi\u00f3n DTF de \u00faltima generaci\u00f3n nos llevan a un nivel superior con el DTF Fl\u00faor, este se realiza con tintas ne\u00f3n reactivas a UV y su aplicaci\u00f3n se realiza en los mismos materiales que el DTF Textil.<\/p><p>&#8211; <strong>DTF UV:<\/strong> Es una t\u00e9cnica de impresi\u00f3n digital que permite transferir dise\u00f1os personalizados a una amplia variedad de materiales. Especialmente dise\u00f1ada para objetos r\u00edgidos como cristal, metal y madera. Sus principales caracter\u00edsticas son su alta calidad, durabilidad, versatilidad y facilidad de uso.<br \/>&#8211; <strong>Sublimaci\u00f3n: <\/strong> La sublimaci\u00f3n textil es una t\u00e9cnica de estampaci\u00f3n digital de alta calidad que funde tintas especiales con las fibras de poli\u00e9ster mediante calor. Sus caracter\u00edsticas principales incluyen colores vibrantes y duraderos, tacto cero (la tinta no se siente sobre la prenda), transpirabilidad, y la capacidad de realizar dise\u00f1os complejos, incluyendo \u00abfull print\u00bb de borde a borde.<\/p><\/div>\n\t\t\t\t<\/div>\n\t\t\t\t\t\t\t<div class=\"elementor-accordion-item\">\n\t\t\t\t\t<div id=\"elementor-tab-title-1918\" class=\"elementor-tab-title\" data-tab=\"8\" role=\"button\" aria-controls=\"elementor-tab-content-1918\" aria-expanded=\"false\">\n\t\t\t\t\t\t\t\t\t\t\t\t\t<span class=\"elementor-accordion-icon elementor-accordion-icon-left\" aria-hidden=\"true\">\n\t\t\t\t\t\t\t\t\t\t\t\t\t\t\t<span class=\"elementor-accordion-icon-closed\"><i class=\"fas fa-plus\"><\/i><\/span>\n\t\t\t\t\t\t\t\t<span class=\"elementor-accordion-icon-opened\"><i class=\"fas fa-minus\"><\/i><\/span>\n\t\t\t\t\t\t\t\t\t\t\t\t\t\t<\/span>\n\t\t\t\t\t\t\t\t\t\t\t\t<a class=\"elementor-accordion-title\" tabindex=\"0\">Cuantos lavados resisten nuestros DTI y DTF<\/a>\n\t\t\t\t\t<\/div>\n\t\t\t\t\t<div id=\"elementor-tab-content-1918\" class=\"elementor-tab-content elementor-clearfix\" data-tab=\"8\" role=\"region\" aria-labelledby=\"elementor-tab-title-1918\"><p>Nuestros DTF y DTI de \u00faltima generaci\u00f3n eleva la resistencia a los lavados a un nivel superior. Garantizamos que la prenda soporta hasta <strong>50 lavados<\/strong> sin perder tono de color, siempre y cuando se <strong>lave del rev\u00e9s y a un m\u00e1ximo de 30\u00b0C.<\/strong><\/p><\/div>\n\t\t\t\t<\/div>\n\t\t\t\t\t\t\t<div class=\"elementor-accordion-item\">\n\t\t\t\t\t<div id=\"elementor-tab-title-1919\" class=\"elementor-tab-title\" data-tab=\"9\" role=\"button\" aria-controls=\"elementor-tab-content-1919\" aria-expanded=\"false\">\n\t\t\t\t\t\t\t\t\t\t\t\t\t<span class=\"elementor-accordion-icon elementor-accordion-icon-left\" aria-hidden=\"true\">\n\t\t\t\t\t\t\t\t\t\t\t\t\t\t\t<span class=\"elementor-accordion-icon-closed\"><i class=\"fas fa-plus\"><\/i><\/span>\n\t\t\t\t\t\t\t\t<span class=\"elementor-accordion-icon-opened\"><i class=\"fas fa-minus\"><\/i><\/span>\n\t\t\t\t\t\t\t\t\t\t\t\t\t\t<\/span>\n\t\t\t\t\t\t\t\t\t\t\t\t<a class=\"elementor-accordion-title\" tabindex=\"0\">Como aplicar UV DTF<\/a>\n\t\t\t\t\t<\/div>\n\t\t\t\t\t<div id=\"elementor-tab-content-1919\" class=\"elementor-tab-content elementor-clearfix\" data-tab=\"9\" role=\"region\" aria-labelledby=\"elementor-tab-title-1919\"><p>En siguiente enlace te explicamos todos los pasos a seguir para que apliques correctamente nuestro UV DTF.<\/p><p><a title=\"Pulse aqu\u00ed\" href=\"https:\/\/youtu.be\/cAw6qpgfd3Y\" target=\"_blank\" rel=\"noopener\">Pulse aqu\u00ed<\/a><\/p><\/div>\n\t\t\t\t<\/div>\n\t\t\t\t\t\t\t<div class=\"elementor-accordion-item\">\n\t\t\t\t\t<div id=\"elementor-tab-title-19110\" class=\"elementor-tab-title\" data-tab=\"10\" role=\"button\" aria-controls=\"elementor-tab-content-19110\" aria-expanded=\"false\">\n\t\t\t\t\t\t\t\t\t\t\t\t\t<span class=\"elementor-accordion-icon elementor-accordion-icon-left\" aria-hidden=\"true\">\n\t\t\t\t\t\t\t\t\t\t\t\t\t\t\t<span class=\"elementor-accordion-icon-closed\"><i class=\"fas fa-plus\"><\/i><\/span>\n\t\t\t\t\t\t\t\t<span class=\"elementor-accordion-icon-opened\"><i class=\"fas fa-minus\"><\/i><\/span>\n\t\t\t\t\t\t\t\t\t\t\t\t\t\t<\/span>\n\t\t\t\t\t\t\t\t\t\t\t\t<a class=\"elementor-accordion-title\" tabindex=\"0\">Se pueden usar DTF y DTI en prendas oscuras<\/a>\n\t\t\t\t\t<\/div>\n\t\t\t\t\t<div id=\"elementor-tab-content-19110\" class=\"elementor-tab-content elementor-clearfix\" data-tab=\"10\" role=\"region\" aria-labelledby=\"elementor-tab-title-19110\"><p><strong>Rotundamente S\u00ed.<\/strong> El DTF y DTI incluye una capa de tinta blanca de alta opacidad debajo de los colores, lo que permite dise\u00f1os vibrantes incluso sobre tejidos negros o muy oscuros.<\/p><\/div>\n\t\t\t\t<\/div>\n\t\t\t\t\t\t\t\t<\/div>\n\t\t\t\t\t\t<\/div>\n\t\t\t\t<\/div>\n\t\t\t\t\t<\/div>\n\t\t<\/div>\n\t\t\t\t\t<\/div>\n\t\t<\/section>\n\t\t\t\t<\/div>\n\t\t","protected":false},"excerpt":{"rendered":"<p>PREGUNTAS FRECUENTES Como enviar tus archivos El documento tiene que tener un ancho m\u00e1ximo de 57 cm para DTF y DTI y 56 cm de DTF UV En cuanto al largo del documento tienes que tener unos conceptos claros: DTI y DTF el m\u00ednimo es 1 metro y un m\u00e1ximo de 2 metros. Si necesitas [&hellip;]<\/p>\n","protected":false},"author":1,"featured_media":0,"parent":0,"menu_order":0,"comment_status":"closed","ping_status":"closed","template":"","meta":{"om_disable_all_campaigns":false,"_monsterinsights_skip_tracking":false,"_monsterinsights_sitenote_active":false,"_monsterinsights_sitenote_note":"","_monsterinsights_sitenote_category":0,"site-sidebar-layout":"default","site-content-layout":"","ast-site-content-layout":"","site-content-style":"default","site-sidebar-style":"default","ast-global-header-display":"","ast-banner-title-visibility":"","ast-main-header-display":"","ast-hfb-above-header-display":"","ast-hfb-below-header-display":"","ast-hfb-mobile-header-display":"","site-post-title":"","ast-breadcrumbs-content":"","ast-featured-img":"","footer-sml-layout":"","theme-transparent-header-meta":"","adv-header-id-meta":"","stick-header-meta":"","header-above-stick-meta":"","header-main-stick-meta":"","header-below-stick-meta":"","astra-migrate-meta-layouts":"default","ast-page-background-enabled":"default","ast-page-background-meta":{"desktop":{"background-color":"var(--ast-global-color-5)","background-image":"","background-repeat":"repeat","background-position":"center center","background-size":"auto","background-attachment":"scroll","background-type":"","background-media":"","overlay-type":"","overlay-color":"","overlay-opacity":"","overlay-gradient":""},"tablet":{"background-color":"","background-image":"","background-repeat":"repeat","background-position":"center center","background-size":"auto","background-attachment":"scroll","background-type":"","background-media":"","overlay-type":"","overlay-color":"","overlay-opacity":"","overlay-gradient":""},"mobile":{"background-color":"","background-image":"","background-repeat":"repeat","background-position":"center center","background-size":"auto","background-attachment":"scroll","background-type":"","background-media":"","overlay-type":"","overlay-color":"","overlay-opacity":"","overlay-gradient":""}},"ast-content-background-meta":{"desktop":{"background-color":"var(--ast-global-color-4)","background-image":"","background-repeat":"repeat","background-position":"center center","background-size":"auto","background-attachment":"scroll","background-type":"","background-media":"","overlay-type":"","overlay-color":"","overlay-opacity":"","overlay-gradient":""},"tablet":{"background-color":"var(--ast-global-color-4)","background-image":"","background-repeat":"repeat","background-position":"center center","background-size":"auto","background-attachment":"scroll","background-type":"","background-media":"","overlay-type":"","overlay-color":"","overlay-opacity":"","overlay-gradient":""},"mobile":{"background-color":"var(--ast-global-color-4)","background-image":"","background-repeat":"repeat","background-position":"center center","background-size":"auto","background-attachment":"scroll","background-type":"","background-media":"","overlay-type":"","overlay-color":"","overlay-opacity":"","overlay-gradient":""}},"footnotes":""},"class_list":["post-6286","page","type-page","status-publish","hentry"],"aioseo_notices":[],"jetpack_sharing_enabled":true,"_links":{"self":[{"href":"https:\/\/lacatusprinter.com\/index.php?rest_route=\/wp\/v2\/pages\/6286","targetHints":{"allow":["GET"]}}],"collection":[{"href":"https:\/\/lacatusprinter.com\/index.php?rest_route=\/wp\/v2\/pages"}],"about":[{"href":"https:\/\/lacatusprinter.com\/index.php?rest_route=\/wp\/v2\/types\/page"}],"author":[{"embeddable":true,"href":"https:\/\/lacatusprinter.com\/index.php?rest_route=\/wp\/v2\/users\/1"}],"replies":[{"embeddable":true,"href":"https:\/\/lacatusprinter.com\/index.php?rest_route=%2Fwp%2Fv2%2Fcomments&post=6286"}],"version-history":[{"count":48,"href":"https:\/\/lacatusprinter.com\/index.php?rest_route=\/wp\/v2\/pages\/6286\/revisions"}],"predecessor-version":[{"id":6730,"href":"https:\/\/lacatusprinter.com\/index.php?rest_route=\/wp\/v2\/pages\/6286\/revisions\/6730"}],"wp:attachment":[{"href":"https:\/\/lacatusprinter.com\/index.php?rest_route=%2Fwp%2Fv2%2Fmedia&parent=6286"}],"curies":[{"name":"wp","href":"https:\/\/api.w.org\/{rel}","templated":true}]}}