{"id":4589,"date":"2025-02-27T12:21:59","date_gmt":"2025-02-27T12:21:59","guid":{"rendered":"https:\/\/lacatusprinter.com\/?page_id=4589"},"modified":"2025-02-27T12:22:01","modified_gmt":"2025-02-27T12:22:01","slug":"terminos-y-condiciones","status":"publish","type":"page","link":"https:\/\/lacatusprinter.com\/?page_id=4589","title":{"rendered":"TERMINOS Y CONDICIONES"},"content":{"rendered":"\n<p>TERMINOS Y CONDICIONES<\/p>\n\n\n\n<p>Este sitio web es operado por Lacatus Textil, S.L. a lo largo del sitio, los t\u00e9rminos \u00abnosotros\u00bb, \u00abnos\u00bb y \u00abnuestro\u00bb se refieren a lo que Lacatus Textil ofrece este sitio web, incluyendo toda la informaci\u00f3n, herramientas y servicios disponibles en este sitio para usted, el usuario, condicionado a su aceptaci\u00f3n de todos los t\u00e9rminos, condiciones, pol\u00edticas y avisos aqu\u00ed indicados, manifestando que ha le\u00eddo, entiende y comprende los siguientes t\u00e9rminos.<\/p>\n\n\n\n<p>Al visitar nuestro sitio y\/o comprar algo de nosotros, usted participa en nuestro \u00abservicio\u00bb y acepta regirse por los siguientes t\u00e9rminos y condiciones (\u00abt\u00e9rminos de servicio\u00bb, \u00abt\u00e9rminos\u00bb), incluyendo aquellos t\u00e9rminos y condiciones adicionales y pol\u00edticas referenciadas aqu\u00ed en y\/o disponible por hiperv\u00ednculo. Estos t\u00e9rminos de servicio se aplican a todos los usuarios del sitio, incluidos, entre otros, los usuarios que son navegantes, proveedores, clientes, comerciantes y\/o colaboradores de contenido.<\/p>\n\n\n\n<p>Lea atentamente estas condiciones de servicio antes de acceder o utilizar nuestro sitio Web. Al acceder o utilizar cualquier parte del sitio, usted acepta estar vinculado por estos t\u00e9rminos de servicio. Si no est\u00e1 de acuerdo con todos los t\u00e9rminos y condiciones de este contrato, no podr\u00e1 acceder al sitio web ni utilizar ning\u00fan servicio. Si estas condiciones de servicio se consideran una oferta, la aceptaci\u00f3n se limita expresamente a estos t\u00e9rminos de servicio.<\/p>\n\n\n\n<p>Cualquier nueva caracter\u00edstica o herramienta que se a\u00f1ada a la tienda actual tambi\u00e9n estar\u00e1 sujeta a los t\u00e9rminos de servicio. Puede revisar la versi\u00f3n m\u00e1s reciente de los t\u00e9rminos de servicio en cualquier momento en esta p\u00e1gina. Nos reservamos el derecho de actualizar, cambiar o sustituir cualquier parte de estos t\u00e9rminos de servicio publicando actualizaciones y\/o cambios en nuestro sitio Web. Es su responsabilidad revisar esta p\u00e1gina peri\u00f3dicamente para ver si hay cambios. Su uso continuado o acceso al sitio web despu\u00e9s de la publicaci\u00f3n de cualquier cambio constituye la aceptaci\u00f3n de esos cambios.<\/p>\n\n\n\n<p>Condiciones de venta<\/p>\n\n\n\n<p>SECCI\u00d3N 1 \u2013 NORMATIVA APLICABLE<\/p>\n\n\n\n<p>1.1 Definiciones<\/p>\n\n\n\n<p>En las presentes condiciones generales de venta: \u201cCLIENTE\u201d significa cualquier persona que haya iniciado el proceso de registro o que haya comprado uno o m\u00e1s productos en este \u00absitio web\u00bb, sea este consumidor (cliente particular) o profesional (cliente empresa). \u201cLacatus Printer\u201d significa la tienda online publicada en la p\u00e1gina&nbsp;<a href=\"https:\/\/www.lacatusprinter.com\/\" target=\"_blank\" rel=\"noreferrer noopener\">https:\/\/www.lacatusprinter.com<\/a>, as\u00ed como sus subdominios que nazcan de la denominada Lacatus Textil y gestionada por parte de Juan Carlos Romero Mart\u00edn con sede legal en Camino de los Verdiales, 28 &#8211; Nave 45, 28340, Valdemoro (Madrid).&nbsp;<\/p>\n\n\n\n<p>1.2 Parte vendedor y normativa aplicable a este contrato de venta<\/p>\n\n\n\n<p>Lacatus Textil actuar\u00e1 como parte vendedora de todos los productos y servicios que el cliente decida comprar mediante este \u00absitio web\u00bb y que recibir\u00e1 en su propio domicilio o en la direcci\u00f3n por \u00e9l especificada. La compra-venta de productos y la gesti\u00f3n de servicios adquiridos mediante este \u00absitio web\u00bb rigen sobre las condiciones generales en cuanto aplicables en los c\u00f3digos de consumo correspondientes a la Ley 22\/2010, de 20 de julio y de conformidad con lo que exige el art\u00edculo 27 de la Ley 34\/2002, de Servicios de la Sociedad de la Informaci\u00f3n y del Comercio Electr\u00f3nico (LSSICE). Tales condiciones se aplican tambi\u00e9n en el caso en el cual el producto sea recogido en el punto de venta. Siempre y cuando el pago se realice mediante este \u00absitio web\u00bb y con tarjeta de d\u00e9bito\/cr\u00e9dito o las plataformas de pagos online que est\u00e9n disponibles.<\/p>\n\n\n\n<p>1.3 Reservas de productos mediante el \u201csitio web\u00bb con entrega y pago en el punto de venta<\/p>\n\n\n\n<p>En el caso en que pasados 30 d\u00edas laborables no se haya retirado el producto del punto de venta, la reserva del mismo ser\u00e1 autom\u00e1ticamente anulada sin ninguna obligaci\u00f3n del cliente ni del punto de venta.<\/p>\n\n\n\n<p>En caso de indisponibilidad del producto deseado el cliente ser\u00e1 avisado por parte del vendedor mediante email o tel\u00e9fono.<\/p>\n\n\n\n<p>Este \u00absitio web\u00bb contiene un listado de todos los puntos de recogida y de los puntos de recogida concertados, los cuales aun no siendo gestionados directamente por Lacatus Textil se acoger\u00e1n a las mismas condiciones aqu\u00ed descritas.<\/p>\n\n\n\n<p>SECCI\u00d3N 2 \u2013 PEDIDOS<\/p>\n\n\n\n<p>2.1 Oferta de productos y servicios de este \u00absitio web\u00bb<\/p>\n\n\n\n<p>La oferta de productos adquiribles mediante este \u00absitio web\u00bb, constituyen un cat\u00e1logo de productos y servicios. Los pedidos realizados por el cliente mediante este \u00absitio web\u00bb ser\u00e1n v\u00e1lidos como propuesta contractual de compra, sujeta a confirmaci\u00f3n y\/o aceptaci\u00f3n por parte de Lacatus Textil seg\u00fan lo descrito.<\/p>\n\n\n\n<p>Las caracter\u00edsticas de los productos y servicios ofrecidos est\u00e1n descritas en las p\u00e1ginas publicadas de este mismo \u00absitio web\u00bb.<\/p>\n\n\n\n<p>2.2 Confirmaci\u00f3n de recepci\u00f3n de pedido y relativa aceptaci\u00f3n<\/p>\n\n\n\n<p>Tras haber enviado la propuesta de compra, el cliente recibir\u00e1 un email con la confirmaci\u00f3n de recepci\u00f3n por parte Lacatus Textil y el n\u00famero identificativo asignado a la propuesta de compra del cliente denominado n\u00famero de pedido, que se considerar\u00e1 inmediatamente aceptado por Lacatus Textil. Por lo tanto, el email de confirmaci\u00f3n de recepci\u00f3n valdr\u00e1 tambi\u00e9n como confirmaci\u00f3n de aceptaci\u00f3n siempre que se cumplan estos t\u00e9rminos y condiciones. Lacatus Textil proceder\u00e1 al env\u00edo de los productos comprados por el cliente en los tiempos y modos indicados en las pol\u00edticas de env\u00edos siempre que no haya ninguna irregularidad en su pedido.<\/p>\n\n\n\n<p>2.3 Actualizaciones del estado de tu pedido<\/p>\n\n\n\n<p>En las actualizaciones enviadas por parte de Lacatus Textil v\u00eda email, el cliente podr\u00e1 verificar en cualquier momento el estado de su pedido tambi\u00e9n desde la secci\u00f3n dedicada a ello en el \u00absitio web\u00bb.<\/p>\n\n\n\n<p>2.4 Sorteos \/ Sorteos para comprar<\/p>\n\n\n\n<p>La participaci\u00f3n a los sorteos y sorteos para comprar est\u00e1n sujetos a los siguientes t\u00e9rminos y condiciones que se a\u00f1aden adicionalmente a los mencionados anteriormente.<\/p>\n\n\n\n<p>Participantes: Los sorteos est\u00e1n abiertos a personas naturales mayores de edad de acuerdo con la legislaci\u00f3n espa\u00f1ola (18 a\u00f1os) y que cumplan con los t\u00e9rminos y condiciones establecidos.<\/p>\n\n\n\n<p>Registro y participaci\u00f3n: El registro y la participaci\u00f3n en los sorteos son gratuitos. Los participantes deben estar debidamente registrados en la aplicaci\u00f3n\/p\u00e1gina web y haber aceptado los t\u00e9rminos y condiciones, as\u00ed como la pol\u00edtica de privacidad y el aviso legal.<\/p>\n\n\n\n<p>Autorizaci\u00f3n de cobro: Al participar en el sorteo, se solicita al participante el m\u00e9todo de pago y la autorizaci\u00f3n de cobro para proceder al pago y env\u00edo del premio en caso de resultar ganador.<\/p>\n\n\n\n<p>Modificaciones y eliminaci\u00f3n de participaci\u00f3n: La direcci\u00f3n de inscripci\u00f3n y el m\u00e9todo de pago no se pueden modificar despu\u00e9s de la inscripci\u00f3n, pero el participante puede eliminar su participaci\u00f3n mientras el per\u00edodo de inscripci\u00f3n est\u00e9 abierto. Esto le da la posibilidad de volver a inscribirse con la misma cuenta, direcci\u00f3n de env\u00edo y m\u00e9todo de pago o modificar alg\u00fan dato de su inscripci\u00f3n anterior.<\/p>\n\n\n\n<p>Mec\u00e1nica del sorteo: Los participantes deben acceder al producto que esta en sorteo de compra y registrarse en el. Los ganadores ser\u00e1n seleccionados de manera aleatoria mediante el uso de un software especializado.<\/p>\n\n\n\n<p>Premio: Los participantes ganadores ser\u00e1n cobrados por el producto y los costos de env\u00edo, y se proceder\u00e1 al env\u00edo del producto a la direcci\u00f3n indicada en el registro. Autom\u00e1ticamente recibir\u00e1n el comprobante de pedido y podr\u00e1n realizar seguimiento del mismo.<\/p>\n\n\n\n<p>Exclusi\u00f3n de responsabilidad de los sorteos de Lacatus Textil se refiere a los siguientes aspectos:<\/p>\n\n\n\n<p>Costos y gastos: Lacatus Textil no se hace responsable de los costos o gastos en los que incurran los participantes en relaci\u00f3n con su participaci\u00f3n en el sorteo. Los costos de la utilizaci\u00f3n de Internet corren por cuenta de los participantes.<\/p>\n\n\n\n<p>Fallos y errores: Lacatus Textil no ser\u00e1 responsable por fallos, errores y\/o da\u00f1os que puedan sufrir los participantes en relaci\u00f3n con el registro y conexi\u00f3n a la aplicaci\u00f3n, la red de Internet u otras redes, medios o sistemas que faciliten la comunicaci\u00f3n. Esto incluye interrupciones de software, p\u00e9rdida de informaci\u00f3n y\/o datos, y problemas relacionados con el funcionamiento de la red, el sitio web, hardware o software.<\/p>\n\n\n\n<p>Incompatibilidades tecnol\u00f3gicas: Lacatus Textil no ser\u00e1 responsable de incompatibilidades entre las tecnolog\u00edas empleadas durante los sorteos y la configuraci\u00f3n de hardware y software utilizada por los participantes.<\/p>\n\n\n\n<p>Modificaciones y cancelaciones: Lacatus Textil se reserva el derecho de anular, cancelar, modificar o aplazar el sorteo en cualquier momento y por cualquier raz\u00f3n, sin incurrir en obligaciones o responsabilidades. Los participantes no tendr\u00e1n derecho a compensaci\u00f3n o indemnizaci\u00f3n.<\/p>\n\n\n\n<p>En resumen, Lacatus Textil no asume responsabilidad por los costos de participaci\u00f3n, fallos t\u00e9cnicos, problemas de conexi\u00f3n, incompatibilidades tecnol\u00f3gicas o cambios en los sorteos. Los participantes participan bajo su propio riesgo y Lacatus Textil se exime de cualquier responsabilidad en relaci\u00f3n con dichos aspectos.<\/p>\n\n\n\n<p>SECCI\u00d3N 3 \u2013 PRECIOS Y CARACTER\u00cdSTICAS DE LOS PRODUCTOS<\/p>\n\n\n\n<p>3.1 Precios<\/p>\n\n\n\n<p>Los precios de los productos ofrecidos en este \u00absitio web\u00bb incluyen el IVA, no as\u00ed, eventuales gastos de transporte y o otros servicios a\u00f1adidos que puedan ser solicitados por parte del cliente. El precio de los servicios y productos mostrados en este \u00absitio web\u00bb en las relativas fichas t\u00e9cnicas es el precio en vigor en el momento del env\u00edo de la propuesta de compra por parte del cliente el cual ser\u00e1 visible para el cliente en el \u00absitio web\u00bb al momento de la elecci\u00f3n del producto.<\/p>\n\n\n\n<p>Lacatus Textil se reserva el derecho de modificar en cualquier momento y sin preaviso el precio de los productos y servicios presentes en el \u00absitio web\u00bb sin ofrecer, por lo tanto, alguna garant\u00eda en merito al hecho que el precio de venta de los productos o servicios est\u00e9n disponibles en el \u00absitio web\u00bb sin variar durante un cierto periodo de tiempo<\/p>\n\n\n\n<p>3.2 Descripci\u00f3n de los productos<\/p>\n\n\n\n<p>Las fichas t\u00e9cnicas de los productos presentes en el \u00absitio web\u00bb contienen la informaci\u00f3n y las caracter\u00edsticas del producto seleccionado.<\/p>\n\n\n\n<p>Las im\u00e1genes y fotos utilizadas en cada ficha t\u00e9cnica, pueden no ser perfectamente representativas de las caracter\u00edsticas del producto.<\/p>\n\n\n\n<p>SECCI\u00d3N 4 \u2013 PAGOS<\/p>\n\n\n\n<p>4.1 M\u00e9todos de pago aceptados<\/p>\n\n\n\n<p>Los productos adquiridos por el cliente mediante este \u00absitio web\u00bb podr\u00e1n ser pagados con tarjeta bancaria o utilizando las plataformas de pago habilitadas para el cliente.<\/p>\n\n\n\n<p>Tarjeta Bancaria<\/p>\n\n\n\n<p>Puedes utilizar tarjetas de cr\u00e9dito y d\u00e9bito (Visa, Visa Electron, MasterCard), a trav\u00e9s de la pasarela de pago de Stripe\u00ae que garantiza la seguridad de tus pagos.<\/p>\n\n\n\n<p>En el caso en el cual el m\u00e9todo de pago elegido por el cliente sea tarjeta bancaria. En el momento de la conclusi\u00f3n del pedido puede proceder al cobro inmediato o bien se realizar\u00e1 una autorizaci\u00f3n para la realizaci\u00f3n de la compra, un bloqueo en la cuenta. El pago efectivo se realizar\u00e1, en funci\u00f3n de las condiciones que se detallen en el proceso de compra. En ning\u00fan momento del proceso de pago Lacatus Textil podr\u00e1 conocer la informaci\u00f3n relativa a la tarjeta utilizada, ni el n\u00famero o a informaciones financieras, patrimoniales y personales del cliente.<\/p>\n\n\n\n<p>La orden de pago viene, de hecho, trasmitida mediante una conexi\u00f3n protegida directamente al portal del banco en el momento de la confirmaci\u00f3n del cliente.<\/p>\n\n\n\n<p>Lacatus Textil en ning\u00fan caso es responsable del uso fraudulento o il\u00edcito de una tarjeta de cr\u00e9dito que pueden efectuar terceros durante el procedimiento de compra y pago de los productos.<\/p>\n\n\n\n<p>SECCI\u00d3N 5 \u2013 ENTREGA DE LOS PEDIDOS<\/p>\n\n\n\n<p>5.1 Lugar de entrega<\/p>\n\n\n\n<p>Lacatus Textil entregar\u00e1 los productos en la direcci\u00f3n indicada por el cliente en el pedido de compra.<\/p>\n\n\n\n<p>Los productos adquiridos ser\u00e1n entregados en el plazo de manipulaci\u00f3n de 3 a 5 d\u00edas. Para m\u00e1s informaci\u00f3n podr\u00e1n acudir a la secci\u00f3n especifica de \u201cEnv\u00edos\u201d.<\/p>\n\n\n\n<p>En el caso en el cual los productos no puedan ser entregados en los plazos indicados, Lacatus Textil contactar\u00e1 con el cliente a trav\u00e9s de correo electr\u00f3nico, en un plazo m\u00e1ximo de 7 d\u00edas laborables, facilitando la informaci\u00f3n del estado de su pedido y considerando el derecho por parte del cliente al reembolso o ulteriores soluciones previstas por el art\u00edculo 71 de la Ley 3\/2014 de 27 de marzo.<\/p>\n\n\n\n<p>5.2 Verificaci\u00f3n de los productos por parte del cliente<\/p>\n\n\n\n<p>El cliente deber\u00e1 verificar en el acto de recepci\u00f3n de los productos solicitados:<\/p>\n\n\n\n<p>Si el numero de bultos entregado corresponde con el indicado en el documento de transporte.<\/p>\n\n\n\n<p>Si el producto est\u00e1 debidamente empaquetado y cerrado sin manipular.<\/p>\n\n\n\n<p>Si el producto entregado corresponde al pedido realizado.<\/p>\n\n\n\n<p>En incumplimiento de uno o m\u00e1s puntos, el cliente deber\u00e1 especificar en el albar\u00e1n de entrega el defecto encontrado. Si no se indicara, el cliente no podr\u00e1 realizar reclamaci\u00f3n alguna.<\/p>\n\n\n\n<p>5.3 Factura<\/p>\n\n\n\n<p>La factura relativa a los productos y\/o servicios adquiridos en este \u00absitio web\u00bb, ser\u00e1 enviada a la direcci\u00f3n de email del contacto posteriormente al pago.<\/p>\n\n\n\n<p>5.4 Gastos de env\u00edo<\/p>\n\n\n\n<p>Al precio del producto adquirido por el cliente mediante el \u00absitio web\u00bb podr\u00e1 ser a\u00f1adido un importe por gastos de env\u00edo, dicho importe ser\u00e1 calculado en modo autom\u00e1tico por el sistema de Lacatus Textil y ser\u00e1 indicado en el proceso de compra.<\/p>\n\n\n\n<p>5.5 Falta de disponibilidad de un producto<\/p>\n\n\n\n<p>Lacatus Textil se compromete a realizar todo lo posible para satisfacer a sus clientes en los pedidos enviados mediante el \u00absitio web\u00bb. Excepcionalmente puede ocurrir que un producto indicado como \u201cDisponible\u201d y por el cual el cliente haya efectuado el pago resulte no disponible al momento de la preparaci\u00f3n del pedido. En tal caso, Lacatus Textil comunicar\u00e1 dicho contratiempo lo antes posible al cliente.<\/p>\n\n\n\n<p>SECCI\u00d3N 6 \u2013 GARANT\u00cdA LEGAL DE CONFORMIDAD<\/p>\n\n\n\n<p>6.1 El cliente Lacatus Textil dispone de todas las garant\u00edas legales previstas en la normativa vigente mediante el c\u00f3digo del consumidor del c\u00f3digo civil.<\/p>\n\n\n\n<p>Al cliente particular por cada uno de los productos adquiridos, le viene reconocido el beneficio de la garant\u00eda legal seg\u00fan cuanto previsto en el art\u00edculo 11 de la Ley 23\/2003, de 10 de julio, de Garant\u00edas en la Venta de Bienes de Consumo, es decir, la cobertura a cargo del vendedor por 24 meses a partir de la fecha de entrega del producto. Relativamente a los defectos de conformidad denunciados antes de 2 meses de ser detectados.<\/p>\n\n\n\n<p>El cliente empresa podr\u00e1 beneficiarse de la garant\u00eda legal por vicio del producto vendido durante 12 meses a partir de la entrega del producto.<\/p>\n\n\n\n<p>6.2 Casos de exclusi\u00f3n de la garant\u00eda legal<\/p>\n\n\n\n<p>La garant\u00eda legal no se aplicar\u00e1 en conformidad a la ley aplicable en los siguientes casos:<\/p>\n\n\n\n<p>Si los productos han sido reparados o alterados por personas distintas al productor o a cualquier otro sujeto autorizado.<\/p>\n\n\n\n<p>El defecto de conformidad del producto\/os se haya manifestado pasado los dos a\u00f1os de la entrega del mismo, y\/o la relativa solicitud de reparaci\u00f3n o sustituci\u00f3n del producto defectuoso se haya enviado pasados 2 meses.<\/p>\n\n\n\n<p>Los defectos sean debidos (en una parte o la totalidad) al mal uso, desgaste o a la conservaci\u00f3n o mantenimiento sin cumplir las instrucciones ofrecidas por el productor o por Lacatus Textil en las instrucciones de producto.<\/p>\n\n\n\n<p>Al momento de la conclusi\u00f3n del contrato el cliente particular estaba en conocimiento del defecto y no pod\u00eda ignorarlo.<\/p>\n\n\n\n<p>El defecto de conformidad deriva de instrucciones o materiales entregados por el cliente particular.<\/p>\n\n\n\n<p>SECCI\u00d3N 7 \u2013 DERECHO DE DEVOLUCI\u00d3N POR EL CLIENTE PARTICULAR<\/p>\n\n\n\n<p>7.1 Siguiendo los art\u00edculos 107.2 y 108 del RD1\/2007, de 16 de noviembre<\/p>\n\n\n\n<p>Por el que se aprueba el texto referido de la Ley General para la Defensa de los Consumidores y Usuarios, el cliente particular tiene derecho a rescindir el contrato en el plazo de 14 d\u00edas de recibir el producto en el propio domicilio sin penalizaci\u00f3n alguna y sin tener que dar motivo alguno.<\/p>\n\n\n\n<p>En el caso de una entrega separada de productos pedidos por el cliente particular en un solo pedido, el plazo de 14 d\u00edas para disponer del derecho de devoluci\u00f3n empezar\u00e1 a contar el d\u00eda de la entrega del \u00faltimo producto. Para m\u00e1s informaci\u00f3n pueden acudir a la secci\u00f3n \u201cCambios y Devoluciones\u201d.<\/p>\n\n\n\n<p>SECCI\u00d3N 8 \u2013 MODIFICACIONES Y ANULACIONES PARCIALES<\/p>\n\n\n\n<p>Las presentes condiciones generales de venta ser\u00e1n v\u00e1lidas mientras no sean modificadas y\/o entregadas por Lacatus Textil. Eventuales modificaciones y\/o integraciones ser\u00e1n activas a partir de la fecha de publicaci\u00f3n de las mismas en la p\u00e1gina&nbsp;<a href=\"http:\/\/www.universaltrainer.es\/\" target=\"_blank\" rel=\"noreferrer noopener\">www.universaltrainer.es<\/a>.<\/p>\n\n\n\n<p>SECCI\u00d3N 9 \u2013 COMUNICACIONES, CONTACTO Y RECLAMACIONES<\/p>\n\n\n\n<p>A continuaci\u00f3n, encontrareis los datos de contacto a los cuales dirigir eventuales solicitudes, comunicaciones y\/o reclamaciones, relativas a vuestros pedidos a las presentes condiciones de venta o a cualquier otro tipo de asunto derivado de este \u201csitio web\u00bb.<\/p>\n\n\n\n<p>Lacatus Textil<\/p>\n\n\n\n<p>Camino de los Verdiales, 28 &#8211; Nave 45<\/p>\n\n\n\n<p>28340, Valdemoro (Madrid)<\/p>\n\n\n\n<p><a href=\"mailto:lacatustextil@mail.com\" target=\"_blank\" rel=\"noreferrer noopener\">lacatustextil@gmail.com<\/a><\/p>\n\n\n\n<p>SECCI\u00d3N 10 \u2013 JURISDICCI\u00d3N Y FORO COMPETENTE PARA CLIENTES EMPRESA<\/p>\n\n\n\n<p>Los contratos rigen seg\u00fan la Ley Espa\u00f1ola<\/p>\n\n\n\n<p>Para cualquier controversia relativa a la validez, eficacia, interpretaci\u00f3n o ejecuci\u00f3n de cada uno de los contratos relativos a la navegaci\u00f3n en el \u00absitio web\u00bb por parte del cliente empresa, o tambi\u00e9n, al uso de cualquier funcionalidad puesta a disposici\u00f3n para el cliente empresa en este \u00absitio web\u00bb ser\u00e1 competencia exclusiva del foro de Barcelona.<\/p>\n\n\n\n<p>SECCI\u00d3N 11 \u2013 ADR, JURISDICCI\u00d3N Y FORO COMPETENTE PARA CLIENTES PARTICULAR<\/p>\n\n\n\n<p>Para cualquier controversia relativa a la validez, eficacia, interpretaci\u00f3n o ejecuci\u00f3n de cada uno de los contratos relativos a la navegaci\u00f3n en el \u00absitio web\u00bb por parte del cliente particular, tendr\u00e1 que ser objeto de un tentativo de conciliaci\u00f3n el cual se desarrollar\u00e1 mediante la plataforma europea de \u201cOnline Dispute Resolution\u201d (CDODR) la cual se puede consultar en la direcci\u00f3n\u00a0<a href=\"http:\/\/ec.europa.eu\/consumers\/odr\" target=\"_blank\" rel=\"noreferrer noopener\">http:\/\/EC.europa.eu\/consumers\/odr<\/a>\u00a0mediante la plataforma ODR, el consumidor puede enviar una reclamaci\u00f3n relativa a un contrato realizado online con Lacatus Textil y activar as\u00ed, el procedimiento de resoluci\u00f3n online de la controversia. La direcci\u00f3n email del comerciante a insertar en la reclamaci\u00f3n es\u00a0<a href=\"mailto:lacatustextil@mail.com\" target=\"_blank\" rel=\"noreferrer noopener\">lacatustextil@gmail.com<\/a>.<\/p>\n\n\n\n<p>En tal caso el tentativo de conciliaci\u00f3n no llegue a buen t\u00e9rmino la controversia pasar\u00e1 a las autoridades judiciales competentes del foro de residencia o domicilio del cliente particular.<\/p>\n\n\n\n<p>Dicho todo esto, el cliente siempre tendr\u00e1 derecho de elegir el juzgado competente en la propia ciudad de residencia. La competencia del foro es obligatoria y no puede ser derogada bajo ning\u00fan concepto.<\/p>\n","protected":false},"excerpt":{"rendered":"<p>TERMINOS Y CONDICIONES Este sitio web es operado por Lacatus Textil, S.L. a lo largo del sitio, los t\u00e9rminos \u00abnosotros\u00bb, \u00abnos\u00bb y \u00abnuestro\u00bb se refieren a lo que Lacatus Textil ofrece este sitio web, incluyendo toda la informaci\u00f3n, herramientas y servicios disponibles en este sitio para usted, el usuario, condicionado a su aceptaci\u00f3n de todos [&hellip;]<\/p>\n","protected":false},"author":1,"featured_media":0,"parent":0,"menu_order":0,"comment_status":"closed","ping_status":"closed","template":"","meta":{"om_disable_all_campaigns":false,"_monsterinsights_skip_tracking":false,"_monsterinsights_sitenote_active":false,"_monsterinsights_sitenote_note":"","_monsterinsights_sitenote_category":0,"site-sidebar-layout":"default","site-content-layout":"","ast-site-content-layout":"","site-content-style":"default","site-sidebar-style":"default","ast-global-header-display":"","ast-banner-title-visibility":"","ast-main-header-display":"","ast-hfb-above-header-display":"","ast-hfb-below-header-display":"","ast-hfb-mobile-header-display":"","site-post-title":"","ast-breadcrumbs-content":"","ast-featured-img":"","footer-sml-layout":"","theme-transparent-header-meta":"","adv-header-id-meta":"","stick-header-meta":"","header-above-stick-meta":"","header-main-stick-meta":"","header-below-stick-meta":"","astra-migrate-meta-layouts":"default","ast-page-background-enabled":"default","ast-page-background-meta":{"desktop":{"background-color":"var(--ast-global-color-5)","background-image":"","background-repeat":"repeat","background-position":"center center","background-size":"auto","background-attachment":"scroll","background-type":"","background-media":"","overlay-type":"","overlay-color":"","overlay-opacity":"","overlay-gradient":""},"tablet":{"background-color":"","background-image":"","background-repeat":"repeat","background-position":"center center","background-size":"auto","background-attachment":"scroll","background-type":"","background-media":"","overlay-type":"","overlay-color":"","overlay-opacity":"","overlay-gradient":""},"mobile":{"background-color":"","background-image":"","background-repeat":"repeat","background-position":"center center","background-size":"auto","background-attachment":"scroll","background-type":"","background-media":"","overlay-type":"","overlay-color":"","overlay-opacity":"","overlay-gradient":""}},"ast-content-background-meta":{"desktop":{"background-color":"var(--ast-global-color-4)","background-image":"","background-repeat":"repeat","background-position":"center center","background-size":"auto","background-attachment":"scroll","background-type":"","background-media":"","overlay-type":"","overlay-color":"","overlay-opacity":"","overlay-gradient":""},"tablet":{"background-color":"var(--ast-global-color-4)","background-image":"","background-repeat":"repeat","background-position":"center center","background-size":"auto","background-attachment":"scroll","background-type":"","background-media":"","overlay-type":"","overlay-color":"","overlay-opacity":"","overlay-gradient":""},"mobile":{"background-color":"var(--ast-global-color-4)","background-image":"","background-repeat":"repeat","background-position":"center center","background-size":"auto","background-attachment":"scroll","background-type":"","background-media":"","overlay-type":"","overlay-color":"","overlay-opacity":"","overlay-gradient":""}},"footnotes":""},"class_list":["post-4589","page","type-page","status-publish","hentry"],"aioseo_notices":[],"jetpack_sharing_enabled":true,"_links":{"self":[{"href":"https:\/\/lacatusprinter.com\/index.php?rest_route=\/wp\/v2\/pages\/4589","targetHints":{"allow":["GET"]}}],"collection":[{"href":"https:\/\/lacatusprinter.com\/index.php?rest_route=\/wp\/v2\/pages"}],"about":[{"href":"https:\/\/lacatusprinter.com\/index.php?rest_route=\/wp\/v2\/types\/page"}],"author":[{"embeddable":true,"href":"https:\/\/lacatusprinter.com\/index.php?rest_route=\/wp\/v2\/users\/1"}],"replies":[{"embeddable":true,"href":"https:\/\/lacatusprinter.com\/index.php?rest_route=%2Fwp%2Fv2%2Fcomments&post=4589"}],"version-history":[{"count":1,"href":"https:\/\/lacatusprinter.com\/index.php?rest_route=\/wp\/v2\/pages\/4589\/revisions"}],"predecessor-version":[{"id":4590,"href":"https:\/\/lacatusprinter.com\/index.php?rest_route=\/wp\/v2\/pages\/4589\/revisions\/4590"}],"wp:attachment":[{"href":"https:\/\/lacatusprinter.com\/index.php?rest_route=%2Fwp%2Fv2%2Fmedia&parent=4589"}],"curies":[{"name":"wp","href":"https:\/\/api.w.org\/{rel}","templated":true}]}}