{"id":1938,"date":"2024-05-01T18:32:47","date_gmt":"2024-05-01T18:32:47","guid":{"rendered":"https:\/\/lacatusprinter.com\/?page_id=1938"},"modified":"2025-01-04T16:53:17","modified_gmt":"2025-01-04T16:53:17","slug":"cart","status":"publish","type":"page","link":"https:\/\/lacatusprinter.com\/?page_id=1938","title":{"rendered":"Carrito"},"content":{"rendered":"\t\t<div data-elementor-type=\"wp-page\" data-elementor-id=\"1938\" class=\"elementor elementor-1938\" data-elementor-post-type=\"page\">\n\t\t\t\t\t\t<section class=\"elementor-section elementor-top-section elementor-element elementor-element-bab7072 elementor-section-full_width elementor-section-height-default elementor-section-height-default\" data-id=\"bab7072\" data-element_type=\"section\" data-e-type=\"section\" data-settings=\"{&quot;background_background&quot;:&quot;classic&quot;}\">\n\t\t\t\t\t\t\t<div class=\"elementor-background-overlay\"><\/div>\n\t\t\t\t\t\t\t<div class=\"elementor-container elementor-column-gap-default\">\n\t\t\t\t\t<div class=\"elementor-column elementor-col-100 elementor-top-column elementor-element elementor-element-9f1922f\" data-id=\"9f1922f\" data-element_type=\"column\" data-e-type=\"column\">\n\t\t\t<div class=\"elementor-widget-wrap elementor-element-populated\">\n\t\t\t\t\t\t<div class=\"elementor-element elementor-element-1eb8547 e-cart-layout-two-column elementor-widget elementor-widget-woocommerce-cart\" data-id=\"1eb8547\" data-element_type=\"widget\" data-e-type=\"widget\" data-settings=\"{&quot;update_cart_automatically&quot;:&quot;yes&quot;}\" data-widget_type=\"woocommerce-cart.default\">\n\t\t\t\t<div class=\"elementor-widget-container\">\n\t\t\t\t\t<div class=\"woocommerce\"><div class=\"woocommerce-notices-wrapper\"><\/div>\t\t<div class=\"e-cart__container\">\n\t\t\t\t\t\t<!--open container-->\n\t\t\t\t\t\t<div class=\"e-cart__column e-cart__column-start\">\n\t\t\t\t\t\t\t<!--open column-1-->\n\t\t\n<form class=\"woocommerce-cart-form\" action=\"https:\/\/lacatusprinter.com\/?page_id=1938\" method=\"post\">\n\t\t\t<div class=\"e-shop-table e-cart-section\">\n\t\t\t\t\t\t<!--open shop table div -->\n\t\t\n\t<table class=\"shop_table shop_table_responsive cart woocommerce-cart-form__contents\" cellspacing=\"0\">\n\t\t<thead>\n\t\t\t<tr>\n\t\t\t\t<th class=\"product-remove\"><span class=\"screen-reader-text\">Eliminar art\u00edculo<\/span><\/th>\n\t\t\t\t<th class=\"product-thumbnail\"><span class=\"screen-reader-text\">Imagen en miniatura<\/span><\/th>\n\t\t\t\t<th scope=\"col\" class=\"product-name\">Producto<\/th>\n\t\t\t\t<th scope=\"col\" class=\"product-price\">Precio<\/th>\n\t\t\t\t<th scope=\"col\" class=\"product-quantity\">Cantidad<\/th>\n\t\t\t\t<th scope=\"col\" class=\"product-subtotal\">Subtotal<\/th>\n\t\t\t<\/tr>\n\t\t<\/thead>\n\t\t<tbody>\n\t\t\t\n\t\t\t\t\t\t\t\t<tr class=\"woocommerce-cart-form__cart-item cart_item\">\n\n\t\t\t\t\t\t<td class=\"product-remove\">\n\t\t\t\t\t\t\t<a role=\"button\" href=\"https:\/\/lacatusprinter.com\/?page_id=1938&#038;remove_item=f8f5161cf94df05793592f5fab95138b&#038;_wpnonce=3ad2c3ef7a\" class=\"remove\" aria-label=\"Eliminar Bono DTF UV 10M+ 2Env\u00edos Express Gratuitos del carrito\" data-product_id=\"3571\" data-product_sku=\"bono-dtf-uv-10-metros-lacatus\"><span aria-hidden=\"true\" class=\"ahfb-svg-iconset ast-inline-flex\"><svg class='ast-mobile-svg ast-close-svg' fill='currentColor' version='1.1' xmlns='http:\/\/www.w3.org\/2000\/svg' width='24' height='24' viewBox='0 0 24 24'><path d='M5.293 6.707l5.293 5.293-5.293 5.293c-0.391 0.391-0.391 1.024 0 1.414s1.024 0.391 1.414 0l5.293-5.293 5.293 5.293c0.391 0.391 1.024 0.391 1.414 0s0.391-1.024 0-1.414l-5.293-5.293 5.293-5.293c0.391-0.391 0.391-1.024 0-1.414s-1.024-0.391-1.414 0l-5.293 5.293-5.293-5.293c-0.391-0.391-1.024-0.391-1.414 0s-0.391 1.024 0 1.414z'><\/path><\/svg><\/span><\/a>\t\t\t\t\t\t<\/td>\n\n\t\t\t\t\t\t<td class=\"product-thumbnail\">\n\t\t\t\t\t\t<a href=\"https:\/\/lacatusprinter.com\/?product=bono-dtf-uv-10-metros-lacatus\"><img fetchpriority=\"high\" decoding=\"async\" width=\"300\" height=\"300\" src=\"https:\/\/lacatusprinter.com\/wp-content\/uploads\/2025\/01\/uv-10-300x300.png\" class=\"attachment-woocommerce_thumbnail size-woocommerce_thumbnail\" alt=\"Bono DTF UV 10M+ 2Env\u00edos Express Gratuitos\" srcset=\"https:\/\/lacatusprinter.com\/wp-content\/uploads\/2025\/01\/uv-10-300x300.png 300w, https:\/\/lacatusprinter.com\/wp-content\/uploads\/2025\/01\/uv-10-1024x1024.png 1024w, https:\/\/lacatusprinter.com\/wp-content\/uploads\/2025\/01\/uv-10-150x150.png 150w, https:\/\/lacatusprinter.com\/wp-content\/uploads\/2025\/01\/uv-10-768x768.png 768w, https:\/\/lacatusprinter.com\/wp-content\/uploads\/2025\/01\/uv-10-1536x1536.png 1536w, https:\/\/lacatusprinter.com\/wp-content\/uploads\/2025\/01\/uv-10-600x600.png 600w, https:\/\/lacatusprinter.com\/wp-content\/uploads\/2025\/01\/uv-10-100x100.png 100w, https:\/\/lacatusprinter.com\/wp-content\/uploads\/2025\/01\/uv-10.png 1920w\" sizes=\"(max-width: 300px) 100vw, 300px\" \/><\/a>\t\t\t\t\t\t<\/td>\n\n\t\t\t\t\t\t<td scope=\"row\" role=\"rowheader\" class=\"product-name\" data-title=\"Producto\">\n\t\t\t\t\t\t<a href=\"https:\/\/lacatusprinter.com\/?product=bono-dtf-uv-10-metros-lacatus\">Bono DTF UV 10M+ 2Env\u00edos Express Gratuitos<\/a>\t\t\t\t\t\t<\/td>\n\n\t\t\t\t\t\t<td class=\"product-price\" data-title=\"Precio\">\n\t\t\t\t\t\t\t<span class=\"woocommerce-Price-amount amount\"><bdi>165,00&nbsp;<span class=\"woocommerce-Price-currencySymbol\">&euro;<\/span><\/bdi><\/span>\t\t\t\t\t\t<\/td>\n\n\t\t\t\t\t\t<td class=\"product-quantity\" data-title=\"Cantidad\">\n\t\t\t\t\t\t<div class=\"quantity\">\n\t\t<label class=\"screen-reader-text\" for=\"quantity_69fc759a9e151\">Bono DTF UV 10M+ 2Env\u00edos Express Gratuitos cantidad<\/label>\n\t<input\n\t\ttype=\"number\"\n\t\t\t\tid=\"quantity_69fc759a9e151\"\n\t\tclass=\"input-text qty text quantity-input-product-3571\"\n\t\tname=\"cart[f8f5161cf94df05793592f5fab95138b][qty]\"\n\t\tvalue=\"1\"\n\t\taria-label=\"Cantidad de productos\"\n\t\t\t\tmin=\"0\"\n\t\t\t\t\t\t\tstep=\"1\"\n\t\t\tplaceholder=\"\"\n\t\t\tinputmode=\"numeric\"\n\t\t\tautocomplete=\"off\"\n\t\t\t\/>\n\t<\/div>\n\t\t\t\t\t\t<\/td>\n\n\t\t\t\t\t\t<td class=\"product-subtotal\" data-title=\"Subtotal\">\n\t\t\t\t\t\t\t<span class=\"woocommerce-Price-amount amount\"><bdi>165,00&nbsp;<span class=\"woocommerce-Price-currencySymbol\">&euro;<\/span><\/bdi><\/span>\t\t\t\t\t\t<\/td>\n\t\t\t\t\t<\/tr>\n\t\t\t\t\t\n\t\t\t\n\t\t\t<tr>\n\t\t\t\t<td colspan=\"6\" class=\"actions\">\n\n\t\t\t\t\t\n\t\t\t\t\t<button type=\"submit\" class=\"button\" name=\"update_cart\" value=\"\"><\/button>\n\n\t\t\t\t\t\n\t\t\t\t\t<input type=\"hidden\" id=\"woocommerce-cart-nonce\" name=\"woocommerce-cart-nonce\" value=\"3ad2c3ef7a\" \/><input type=\"hidden\" name=\"_wp_http_referer\" value=\"\/index.php?rest_route=%2Fwp%2Fv2%2Fpages%2F1938\" \/>\t\t\t\t<\/td>\n\t\t\t<\/tr>\n\n\t\t\t\t\t<\/tbody>\n\t<\/table>\n\t\t\t\t\t\t\t<\/div>\n\t\t\t\t\t<!--close shop table div -->\n\t\t\t\t\t<div class=\"e-clear\"><\/div>\n\t\t\t\t<div class=\"coupon e-cart-section shop_table\">\n\t\t\t<div class=\"form-row coupon-col\">\n\t\t\t\t<div class=\"coupon-col-start\">\n\t\t\t\t\t<input type=\"text\" name=\"coupon_code\" class=\"input-text\" id=\"coupon_code\" value=\"\" placeholder=\"C\u00f3digo de cup\u00f3n\" \/>\n\t\t\t\t<\/div>\n\t\t\t\t<div class=\"coupon-col-end\">\n\t\t\t\t\t<button class=\"button e-apply-coupon\" name=\"apply_coupon\" type=\"submit\" value=\"Aplicar cup\u00f3n\">Aplicar cup\u00f3n<\/button>\n\t\t\t\t<\/div>\n\t\t\t\t\t\t\t<\/div>\n\t\t<\/div>\n\t\t<\/form>\n\n\t\t\t\t\t\t<!--close column-1-->\n\t\t\t\t\t\t<\/div>\n\t\t\t\t\t\t<div class=\"e-cart__column e-cart__column-end\">\n\t\t\t\t\t\t\t<!--open column-2-->\n\t\t\t\t\t\t\t\t<div class=\"e-cart__column-inner e-sticky-right-column\">\n\t\t\t\t\t\t\t\t\t<!--open column-inner-->\n\t\t\t\t\t\t\t\t\t<div class=\"e-cart-totals e-cart-section\">\n\t\t\t\t\t\t\t\t\t\t<!--open cart-totals-->\n\t\t\n<div class=\"cart-collaterals\">\n\t<div class=\"cart_totals \">\n\n\t\n\t<h2>Pedido<\/h2>\n\n\t<table cellspacing=\"0\" class=\"shop_table shop_table_responsive\">\n\n\t\t<tr class=\"cart-subtotal\">\n\t\t\t<th>Subtotal<\/th>\n\t\t\t<td data-title=\"Subtotal\"><span class=\"woocommerce-Price-amount amount\"><bdi>165,00&nbsp;<span class=\"woocommerce-Price-currencySymbol\">&euro;<\/span><\/bdi><\/span><\/td>\n\t\t<\/tr>\n\n\t\t\n\t\t\n\t\t\t\n\t\t\t<tr class=\"woocommerce-shipping-totals shipping\">\n\t<th>Envio 1<\/th>\n\t<td data-title=\"Envio 1\">\n\t\t\t\t\t<ul id=\"shipping_method\" class=\"woocommerce-shipping-methods\">\n\t\t\t\t\t\t\t\t\t<li>\n\t\t\t\t\t\t<input type=\"radio\" name=\"shipping_method[0]\" data-index=\"0\" id=\"shipping_method_0_flat_rate2\" value=\"flat_rate:2\" class=\"shipping_method\"  checked='checked' \/><label for=\"shipping_method_0_flat_rate2\">MRW - Env\u00edo Estandar 48 horas (No incluye Islas baleares y canarias): <span class=\"woocommerce-Price-amount amount\"><bdi>4,95&nbsp;<span class=\"woocommerce-Price-currencySymbol\">&euro;<\/span><\/bdi><\/span><\/label>\t\t\t\t\t<\/li>\n\t\t\t\t\t\t\t\t\t<li>\n\t\t\t\t\t\t<input type=\"radio\" name=\"shipping_method[0]\" data-index=\"0\" id=\"shipping_method_0_flat_rate8\" value=\"flat_rate:8\" class=\"shipping_method\"  \/><label for=\"shipping_method_0_flat_rate8\">GLS- Env\u00edo Estandar 48 horas (No incluye Islas baleares y canarias): <span class=\"woocommerce-Price-amount amount\"><bdi>4,95&nbsp;<span class=\"woocommerce-Price-currencySymbol\">&euro;<\/span><\/bdi><\/span><\/label>\t\t\t\t\t<\/li>\n\t\t\t\t\t\t\t\t\t<li>\n\t\t\t\t\t\t<input type=\"radio\" name=\"shipping_method[0]\" data-index=\"0\" id=\"shipping_method_0_flat_rate3\" value=\"flat_rate:3\" class=\"shipping_method\"  \/><label for=\"shipping_method_0_flat_rate3\">MRW - Env\u00edo Express 24 horas (No incluye Islas baleares y canarias): <span class=\"woocommerce-Price-amount amount\"><bdi>6,50&nbsp;<span class=\"woocommerce-Price-currencySymbol\">&euro;<\/span><\/bdi><\/span><\/label>\t\t\t\t\t<\/li>\n\t\t\t\t\t\t\t\t\t<li>\n\t\t\t\t\t\t<input type=\"radio\" name=\"shipping_method[0]\" data-index=\"0\" id=\"shipping_method_0_flat_rate9\" value=\"flat_rate:9\" class=\"shipping_method\"  \/><label for=\"shipping_method_0_flat_rate9\">GLS - Env\u00edo Express 24 horas (No incluye Islas baleares y canarias): <span class=\"woocommerce-Price-amount amount\"><bdi>6,50&nbsp;<span class=\"woocommerce-Price-currencySymbol\">&euro;<\/span><\/bdi><\/span><\/label>\t\t\t\t\t<\/li>\n\t\t\t\t\t\t\t\t\t<li>\n\t\t\t\t\t\t<input type=\"radio\" name=\"shipping_method[0]\" data-index=\"0\" id=\"shipping_method_0_local_pickup4\" value=\"local_pickup:4\" class=\"shipping_method\"  \/><label for=\"shipping_method_0_local_pickup4\">Gratuito - Recogida en Local de Lunes a Viernes 10:00-14:30 y de 16:30h-18:00h (Leer condiciones de recogida)<\/label>\t\t\t\t\t<\/li>\n\t\t\t\t\t\t\t\t\t<li>\n\t\t\t\t\t\t<input type=\"radio\" name=\"shipping_method[0]\" data-index=\"0\" id=\"shipping_method_0_free_shipping7\" value=\"free_shipping:7\" class=\"shipping_method\"  \/><label for=\"shipping_method_0_free_shipping7\">Gratuito - Solo para Bonos DTF Textil y Bonos DTF UV<\/label>\t\t\t\t\t<\/li>\n\t\t\t\t\t\t\t<\/ul>\n\t\t\t\t\t\t\t<p class=\"woocommerce-shipping-destination\">\n\t\t\t\t\tEnviar a <strong>Madrid<\/strong>. \t\t\t\t<\/p>\n\t\t\t\t\t\t\n\t\t\n\t\t\t\t\t\n<form class=\"woocommerce-shipping-calculator\" action=\"https:\/\/lacatusprinter.com\/?page_id=1938\" method=\"post\">\n\n\t<a href=\"#\" class=\"shipping-calculator-button\" aria-expanded=\"false\" aria-controls=\"shipping-calculator-form\" role=\"button\">\u00bfCambiar Direcci\u00f3n?<\/a>\n\t<section class=\"shipping-calculator-form\" id=\"shipping-calculator-form\" style=\"display:none;\">\n\n\t\t\t\t\t<p class=\"form-row form-row-wide\" id=\"calc_shipping_country_field\">\n\t\t\t\t<label for=\"calc_shipping_country\">Pa\u00eds \/ Regi\u00f3n<\/label>\n\t\t\t\t<select name=\"calc_shipping_country\" id=\"calc_shipping_country\" class=\"country_to_state country_select\" rel=\"calc_shipping_state\">\n\t\t\t\t\t<option value=\"default\">Selecciona un pa\u00eds\/regi\u00f3n&hellip;<\/option>\n\t\t\t\t\t<option value=\"ES\" selected='selected'>Espa\u00f1a<\/option>\t\t\t\t<\/select>\n\t\t\t<\/p>\n\t\t\n\t\t\t\t\t<p class=\"form-row form-row-wide\" id=\"calc_shipping_state_field\">\n\t\t\t\t\t\t\t\t\t<span>\n\t\t\t\t\t\t<label for=\"calc_shipping_state\">Regi\u00f3n \/ Provincia<\/label>\n\t\t\t\t\t\t<select name=\"calc_shipping_state\" class=\"state_select\" id=\"calc_shipping_state\">\n\t\t\t\t\t\t\t<option value=\"\">Elige una opci\u00f3n&hellip;<\/option>\n\t\t\t\t\t\t\t<option value=\"C\" >La Coru\u00f1a<\/option><option value=\"VI\" >\u00c1lava<\/option><option value=\"AB\" >Albacete<\/option><option value=\"A\" >Alicante<\/option><option value=\"AL\" >Almer\u00eda<\/option><option value=\"O\" >Asturias<\/option><option value=\"AV\" >\u00c1vila<\/option><option value=\"BA\" >Badajoz<\/option><option value=\"PM\" >Baleares<\/option><option value=\"B\" >Barcelona<\/option><option value=\"BU\" >Burgos<\/option><option value=\"CC\" >C\u00e1ceres<\/option><option value=\"CA\" >C\u00e1diz<\/option><option value=\"S\" >Cantabria<\/option><option value=\"CS\" >Castell\u00f3n<\/option><option value=\"CE\" >Ceuta<\/option><option value=\"CR\" >Ciudad Real<\/option><option value=\"CO\" >C\u00f3rdoba<\/option><option value=\"CU\" >Cuenca<\/option><option value=\"GI\" >Gerona<\/option><option value=\"GR\" >Granada<\/option><option value=\"GU\" >Guadalajara<\/option><option value=\"SS\" >Guip\u00fazcoa<\/option><option value=\"H\" >Huelva<\/option><option value=\"HU\" >Huesca<\/option><option value=\"J\" >Ja\u00e9n<\/option><option value=\"LO\" >La Rioja<\/option><option value=\"GC\" >Las Palmas<\/option><option value=\"LE\" >Le\u00f3n<\/option><option value=\"L\" >L\u00e9rida<\/option><option value=\"LU\" >Lugo<\/option><option value=\"M\"  selected='selected'>Madrid<\/option><option value=\"MA\" >M\u00e1laga<\/option><option value=\"ML\" >Melilla<\/option><option value=\"MU\" >Murcia<\/option><option value=\"NA\" >Navarra<\/option><option value=\"OR\" >Orense<\/option><option value=\"P\" >Palencia<\/option><option value=\"PO\" >Pontevedra<\/option><option value=\"SA\" >Salamanca<\/option><option value=\"TF\" >Santa Cruz de Tenerife<\/option><option value=\"SG\" >Segovia<\/option><option value=\"SE\" >Sevilla<\/option><option value=\"SO\" >Soria<\/option><option value=\"T\" >Tarragona<\/option><option value=\"TE\" >Teruel<\/option><option value=\"TO\" >Toledo<\/option><option value=\"V\" >Valencia<\/option><option value=\"VA\" >Valladolid<\/option><option value=\"BI\" >Vizcaya<\/option><option value=\"ZA\" >Zamora<\/option><option value=\"Z\" >Zaragoza<\/option>\t\t\t\t\t\t<\/select>\n\t\t\t\t\t<\/span>\n\t\t\t\t\t\t\t\t<\/p>\n\t\t\n\t\t\t\t\t<p class=\"form-row form-row-wide\" id=\"calc_shipping_city_field\">\n\t\t\t\t<label for=\"calc_shipping_city\">Ciudad:<\/label>\n\t\t\t\t<input type=\"text\" class=\"input-text\" value=\"\" name=\"calc_shipping_city\" id=\"calc_shipping_city\" \/>\n\t\t\t<\/p>\n\t\t\n\t\t\t\t\t<p class=\"form-row form-row-wide\" id=\"calc_shipping_postcode_field\">\n\t\t\t\t<label for=\"calc_shipping_postcode\">C\u00f3digo postal:<\/label>\n\t\t\t\t<input type=\"text\" class=\"input-text\" value=\"\" name=\"calc_shipping_postcode\" id=\"calc_shipping_postcode\" \/>\n\t\t\t<\/p>\n\t\t\n\t\t<p><button type=\"submit\" name=\"calc_shipping\" value=\"1\" class=\"button\">Actualizar<\/button><\/p>\n\t\t<input type=\"hidden\" id=\"woocommerce-shipping-calculator-nonce\" name=\"woocommerce-shipping-calculator-nonce\" value=\"f79f47cc40\" \/><input type=\"hidden\" name=\"_wp_http_referer\" value=\"\/index.php?rest_route=%2Fwp%2Fv2%2Fpages%2F1938\" \/>\t<\/section>\n<\/form>\n\n\t\t\t<\/td>\n<\/tr>\n\n\t\t\t\n\t\t\n\t\t\n\t\t\t\t\t\t\t<tr class=\"tax-rate tax-rate-es-21-iva-1\">\n\t\t\t\t\t\t<th>21% IVA<\/th>\n\t\t\t\t\t\t<td data-title=\"21% IVA\"><span class=\"woocommerce-Price-amount amount\">35,69&nbsp;<span class=\"woocommerce-Price-currencySymbol\">&euro;<\/span><\/span><\/td>\n\t\t\t\t\t<\/tr>\n\t\t\t\t\t\n\t\t\n\t\t<tr class=\"order-total\">\n\t\t\t<th>Total<\/th>\n\t\t\t<td data-title=\"Total\"><strong><span class=\"woocommerce-Price-amount amount\"><bdi>205,64&nbsp;<span class=\"woocommerce-Price-currencySymbol\">&euro;<\/span><\/bdi><\/span> EUR<\/strong> <\/td>\n\t\t<\/tr>\n\n\t\t\n\t<\/table>\n\n\t<div class=\"wc-proceed-to-checkout\">\n\t\t\n<a href=\"https:\/\/lacatusprinter.com\/?page_id=1939\" class=\"checkout-button button alt wc-forward\">\n\tProcesar el pago<\/a>\n\t\t\t<div class='wcpay-express-checkout-wrapper' >\n\t\t\t\t\t<div id=\"wcpay-express-checkout-element\"><\/div>\n\t\t\t\t\t<\/div >\n\t\t\t\t<\/div>\n\n\t<div id=\"ppcp-recaptcha-v2-container\" style=\"margin:20px 0;\"><\/div>\n<\/div>\n<\/div>\n\n<wc-order-attribution-inputs id=\"wcpay-express-checkout__order-attribution-inputs\"><\/wc-order-attribution-inputs>\t\t\t\t\t\t\t\t\t<!--close cart-totals-->\n\t\t\t\t\t\t\t\t\t<\/div>\n\t\t\t\t\t\t\t\t\t<!--close column-inner-->\n\t\t\t\t\t\t\t\t<\/div>\n\t\t\t\t\t\t\t<!--close column-2-->\n\t\t\t\t\t\t<\/div>\n\t\t\t\t\t\t<!--close container-->\n\t\t\t\t\t<\/div>\n\t\t<\/div>\t\t\t\t<\/div>\n\t\t\t\t<\/div>\n\t\t\t\t\t<\/div>\n\t\t<\/div>\n\t\t\t\t\t<\/div>\n\t\t<\/section>\n\t\t\t\t<\/div>\n\t\t","protected":false},"excerpt":{"rendered":"<p>Remove item Thumbnail image Producto(s) Precio Cantidad Subtotal &times; DTF Textil por Metros &euro;9,50 DTF Textil por Metros quantity &euro;28,50 Aplicar cup\u00f3n Pedido Subtotal &euro;28,50 Shipping Env\u00edo Estandar 48 horas: &euro;4,90 Env\u00edo Express 24 horas: &euro;6,50 Gratuito &#8211; Recogida en Local desde14:00 a 15:00 Shipping to Traves\u00eda de San Sebasti\u00e1n 28, 2, 28350 MADRID, Madrid. [&hellip;]<\/p>\n","protected":false},"author":1,"featured_media":0,"parent":0,"menu_order":0,"comment_status":"closed","ping_status":"closed","template":"","meta":{"om_disable_all_campaigns":false,"_monsterinsights_skip_tracking":false,"_monsterinsights_sitenote_active":false,"_monsterinsights_sitenote_note":"","_monsterinsights_sitenote_category":0,"site-sidebar-layout":"default","site-content-layout":"","ast-site-content-layout":"default","site-content-style":"default","site-sidebar-style":"default","ast-global-header-display":"","ast-banner-title-visibility":"","ast-main-header-display":"","ast-hfb-above-header-display":"","ast-hfb-below-header-display":"","ast-hfb-mobile-header-display":"","site-post-title":"","ast-breadcrumbs-content":"","ast-featured-img":"","footer-sml-layout":"","theme-transparent-header-meta":"","adv-header-id-meta":"","stick-header-meta":"","header-above-stick-meta":"","header-main-stick-meta":"","header-below-stick-meta":"","astra-migrate-meta-layouts":"set","ast-page-background-enabled":"default","ast-page-background-meta":{"desktop":{"background-color":"var(--ast-global-color-5)","background-image":"","background-repeat":"repeat","background-position":"center center","background-size":"auto","background-attachment":"scroll","background-type":"","background-media":"","overlay-type":"","overlay-color":"","overlay-opacity":"","overlay-gradient":""},"tablet":{"background-color":"","background-image":"","background-repeat":"repeat","background-position":"center center","background-size":"auto","background-attachment":"scroll","background-type":"","background-media":"","overlay-type":"","overlay-color":"","overlay-opacity":"","overlay-gradient":""},"mobile":{"background-color":"","background-image":"","background-repeat":"repeat","background-position":"center center","background-size":"auto","background-attachment":"scroll","background-type":"","background-media":"","overlay-type":"","overlay-color":"","overlay-opacity":"","overlay-gradient":""}},"ast-content-background-meta":{"desktop":{"background-color":"var(--ast-global-color-4)","background-image":"","background-repeat":"repeat","background-position":"center center","background-size":"auto","background-attachment":"scroll","background-type":"","background-media":"","overlay-type":"","overlay-color":"","overlay-opacity":"","overlay-gradient":""},"tablet":{"background-color":"var(--ast-global-color-4)","background-image":"","background-repeat":"repeat","background-position":"center center","background-size":"auto","background-attachment":"scroll","background-type":"","background-media":"","overlay-type":"","overlay-color":"","overlay-opacity":"","overlay-gradient":""},"mobile":{"background-color":"var(--ast-global-color-4)","background-image":"","background-repeat":"repeat","background-position":"center center","background-size":"auto","background-attachment":"scroll","background-type":"","background-media":"","overlay-type":"","overlay-color":"","overlay-opacity":"","overlay-gradient":""}},"footnotes":""},"class_list":["post-1938","page","type-page","status-publish","hentry"],"aioseo_notices":[],"jetpack_sharing_enabled":true,"_links":{"self":[{"href":"https:\/\/lacatusprinter.com\/index.php?rest_route=\/wp\/v2\/pages\/1938","targetHints":{"allow":["GET"]}}],"collection":[{"href":"https:\/\/lacatusprinter.com\/index.php?rest_route=\/wp\/v2\/pages"}],"about":[{"href":"https:\/\/lacatusprinter.com\/index.php?rest_route=\/wp\/v2\/types\/page"}],"author":[{"embeddable":true,"href":"https:\/\/lacatusprinter.com\/index.php?rest_route=\/wp\/v2\/users\/1"}],"replies":[{"embeddable":true,"href":"https:\/\/lacatusprinter.com\/index.php?rest_route=%2Fwp%2Fv2%2Fcomments&post=1938"}],"version-history":[{"count":20,"href":"https:\/\/lacatusprinter.com\/index.php?rest_route=\/wp\/v2\/pages\/1938\/revisions"}],"predecessor-version":[{"id":3913,"href":"https:\/\/lacatusprinter.com\/index.php?rest_route=\/wp\/v2\/pages\/1938\/revisions\/3913"}],"wp:attachment":[{"href":"https:\/\/lacatusprinter.com\/index.php?rest_route=%2Fwp%2Fv2%2Fmedia&parent=1938"}],"curies":[{"name":"wp","href":"https:\/\/api.w.org\/{rel}","templated":true}]}}